{"id":12045,"date":"2024-12-15T11:18:40","date_gmt":"2024-12-15T08:18:40","guid":{"rendered":"https:\/\/biointerfaceresearch.com\/?page_id=12045"},"modified":"2025-02-13T09:26:08","modified_gmt":"2025-02-13T06:26:08","slug":"issue-1","status":"publish","type":"page","link":"https:\/\/biointerfaceresearch.com\/?page_id=12045","title":{"rendered":"Issue 1"},"content":{"rendered":"\r\n<p class=\"has-text-align-center\" style=\"text-align: center;\"><strong>Biointerface Res. Appl. Chem., Volume 15, Issue\u00a0 1, 2025<\/strong> &#8211; 15th February<\/p>\r\n\r\n\r\n<hr class=\"wp-block-separator is-style-wide\" \/>\r\n\r\n\r\n<h2>(1) <strong> Current Knowledge of Photodynamic Therapy <\/strong><\/h2>\r\n<!-- \/wp:post-content -->\r\n\r\n<!-- wp:paragraph {\"align\":\"right\"} -->\r\n<p class=\"has-text-align-right\"><a href=\"https:\/\/doi.org\/10.33263\/BRIAC151.001\">https:\/\/doi.org\/10.33263\/BRIAC151.001<\/a><\/p>\r\n<!-- \/wp:paragraph -->\r\n<p><strong> David Aebisher, Micha\u0142 Broszkiewicz, Klaudia Wojciechowska,  Klaudia Dynarowicz, Dominika Le\u015b, Angelika My\u015bliwiec, Dorota Bartusik-Aebisher <\/strong><\/p>\r\n<!-- \/wp:paragraph -->\r\n<!-- wp:file {\"id\":7793,\"href\":\"https:\/\/biointerfaceresearch.com\/wp-content\/uploads\/2025\/02\/BRIAC151.001.pdf\",\"align\":\"right\"} -->\r\n<div class=\"wp-block-file alignright\"><a class=\"wp-block-file__button\" href=\"https:\/\/biointerfaceresearch.com\/wp-content\/uploads\/2025\/02\/BRIAC151.001.pdf\" download=\"\">Download<\/a><\/div>\r\n<!-- \/wp:file -->\r\n<!-- wp:separator {\"className\":\"is-style-wide\"} --><hr class=\"wp-block-separator is-style-wide\" \/><!-- \/wp:separator -->\r\n<h2>(2) <strong> PKA Inhibition in Alzheimer&#8217;s Disease: Through the Apologia of a Straight Forward but Nontrivial Concept of Targeting Intracellular Signal Transduction to the Prologue to the Era of Novel Drugs <\/strong><\/h2>\r\n<!-- \/wp:heading -->\r\n\r\n<!-- wp:paragraph {\"align\":\"right\"} -->\r\n<p class=\"has-text-align-right\"><a href=\"https:\/\/doi.org\/10.33263\/BRIAC151.002\">https:\/\/doi.org\/10.33263\/BRIAC151.002<\/a><\/p>\r\n<!-- \/wp:paragraph -->\r\n<p><strong> Gleb Nikolaevich Zyuz\u2019kov, Larisa Arkad`evna Miroshnichenko, Tatyana Yur`evna Polykova, Alexander Vasil`evich Chayikovskyi, Tatyana Ivanovna Fomina, Lyubov Alexandrovna Sandrykina <\/strong><\/p>\r\n<!-- \/wp:paragraph -->\r\n<!-- wp:file {\"id\":7793,\"href\":\"https:\/\/biointerfaceresearch.com\/wp-content\/uploads\/2025\/02\/BRIAC151.002.pdf\",\"align\":\"right\"} -->\r\n<div class=\"wp-block-file alignright\"><a class=\"wp-block-file__button\" href=\"https:\/\/biointerfaceresearch.com\/wp-content\/uploads\/2025\/02\/BRIAC151.002.pdf\" download=\"\">Download<\/a><\/div>\r\n<!-- \/wp:file -->\r\n<!-- wp:separator {\"className\":\"is-style-wide\"} --><hr class=\"wp-block-separator is-style-wide\" \/><!-- \/wp:separator -->\r\n<h2>(3) <strong> Hydrogen Peroxide: Potential for Repurposing into an Oxygen-Producing Antihypoxant by Generating Oxygen Gas <\/strong><\/h2>\r\n<!-- \/wp:heading -->\r\n\r\n<!-- wp:paragraph {\"align\":\"right\"} -->\r\n<p class=\"has-text-align-right\"><a href=\"https:\/\/doi.org\/10.33263\/BRIAC151.003\">https:\/\/doi.org\/10.33263\/BRIAC151.003<\/a><\/p>\r\n<!-- \/wp:paragraph -->\r\n<p><strong> Natalya Urakova, Aleksandr Urakov <\/strong><\/p>\r\n<!-- \/wp:paragraph -->\r\n<!-- wp:file {\"id\":7793,\"href\":\"https:\/\/biointerfaceresearch.com\/wp-content\/uploads\/2025\/02\/BRIAC151.003.pdf\",\"align\":\"right\"} -->\r\n<div class=\"wp-block-file alignright\"><a class=\"wp-block-file__button\" href=\"https:\/\/biointerfaceresearch.com\/wp-content\/uploads\/2025\/02\/BRIAC151.003.pdf\" download=\"\">Download<\/a><\/div>\r\n<!-- \/wp:file -->\r\n<!-- wp:separator {\"className\":\"is-style-wide\"} --><hr class=\"wp-block-separator is-style-wide\" \/><!-- \/wp:separator -->\r\n<h2>(4) <strong> N-[5-(4-fluorobenzyl)-1,3-thiazol-2-yl]chroman-3-Carboxamide as Antitumor Agent. Synthesis, ADME-Tox Parameters, Prediction of Metabolism Pathway and Biological Activity <\/strong><\/h2>\r\n<!-- \/wp:heading -->\r\n\r\n<!-- wp:paragraph {\"align\":\"right\"} -->\r\n<p class=\"has-text-align-right\"><a href=\"https:\/\/doi.org\/10.33263\/BRIAC151.004\">https:\/\/doi.org\/10.33263\/BRIAC151.004<\/a><\/p>\r\n<!-- \/wp:paragraph -->\r\n<p><strong> Oksana Khropot, Iryna Drapak, Yuliia Matiichuk, Nataliia Chemerys,Vasyl Matiychuk <\/strong><\/p>\r\n<!-- \/wp:paragraph -->\r\n<!-- wp:file {\"id\":7793,\"href\":\"https:\/\/biointerfaceresearch.com\/wp-content\/uploads\/2025\/02\/BRIAC151.004.pdf\",\"align\":\"right\"} -->\r\n<div class=\"wp-block-file alignright\"><a class=\"wp-block-file__button\" href=\"https:\/\/biointerfaceresearch.com\/wp-content\/uploads\/2025\/02\/BRIAC151.004.pdf\" download=\"\">Download<\/a><\/div>\r\n<!-- \/wp:file -->\r\n\r\n<!-- wp:separator {\"className\":\"is-style-wide\"} --><hr class=\"wp-block-separator is-style-wide\" \/><!-- \/wp:separator -->\r\n<h2>(5) <strong> The Drug Reboot: Finding New Life in Old Formulations <\/strong><\/h2>\r\n<!-- \/wp:heading -->\r\n\r\n<!-- wp:paragraph {\"align\":\"right\"} -->\r\n<p class=\"has-text-align-right\"><a href=\"https:\/\/doi.org\/10.33263\/BRIAC151.005\">https:\/\/doi.org\/10.33263\/BRIAC151.005<\/a><\/p>\r\n<!-- \/wp:paragraph -->\r\n<p><strong> Lakshmi Prasanthi Nori, Akula Sai Priya, K. Venkateswara Raju <\/strong><\/p>\r\n<!-- \/wp:paragraph -->\r\n<!-- wp:file {\"id\":7793,\"href\":\"https:\/\/biointerfaceresearch.com\/wp-content\/uploads\/2025\/02\/BRIAC151.005.pdf\",\"align\":\"right\"} -->\r\n<div class=\"wp-block-file alignright\"><a class=\"wp-block-file__button\" href=\"https:\/\/biointerfaceresearch.com\/wp-content\/uploads\/2025\/02\/BRIAC151.005.pdf\" download=\"\">Download<\/a><\/div>\r\n<!-- \/wp:file -->\r\n<!-- wp:separator {\"className\":\"is-style-wide\"} --><hr class=\"wp-block-separator is-style-wide\" \/><!-- \/wp:separator -->\r\n<h2>(6) <strong> Combined Experimental and Theoretical Studies of the 1,3-Dipolar Cycloaddition Reaction Between Phenyldiazomethane and 4-Methylthioaurone <\/strong><\/h2>\r\n<!-- \/wp:heading -->\r\n\r\n<!-- wp:paragraph {\"align\":\"right\"} -->\r\n<p class=\"has-text-align-right\"><a href=\"https:\/\/doi.org\/10.33263\/BRIAC151.006\">https:\/\/doi.org\/10.33263\/BRIAC151.006<\/a><\/p>\r\n<!-- \/wp:paragraph -->\r\n<p><strong> Mohamed Bakhouch, Bouchra Es-Sounni, Ayoub Mouhib, Bouchra Rossafi, Abdelhak Ouled Aitouna, Samir Chtita, Noureddine Mazoir, Ahmed Benharref, Ghali Al Houari, Mohamed El Yazidi <\/strong><\/p>\r\n<!-- \/wp:paragraph -->\r\n<!-- wp:file {\"id\":7793,\"href\":\"https:\/\/biointerfaceresearch.com\/wp-content\/uploads\/2025\/02\/BRIAC151.006.pdf\",\"align\":\"right\"} -->\r\n<div class=\"wp-block-file alignright\"><a class=\"wp-block-file__button\" href=\"https:\/\/biointerfaceresearch.com\/wp-content\/uploads\/2025\/02\/BRIAC151.006.pdf\" download=\"\">Download<\/a><\/div>\r\n<!-- \/wp:file -->\r\n<!-- wp:separator {\"className\":\"is-style-wide\"} --><hr class=\"wp-block-separator is-style-wide\" \/><!-- \/wp:separator -->\r\n<h2>(7) <strong> Soret and Chemical Reaction Effects on MHD Convection-Free Flow Past a Suddenly Started Inclined Vertical Plate with Ramped Velocity, Temperature, and Concentration <\/strong><\/h2>\r\n<!-- \/wp:heading -->\r\n\r\n<!-- wp:paragraph {\"align\":\"right\"} -->\r\n<p class=\"has-text-align-right\"><a href=\"https:\/\/doi.org\/10.33263\/BRIAC151.007\">https:\/\/doi.org\/10.33263\/BRIAC151.007<\/a><\/p>\r\n<!-- \/wp:paragraph -->\r\n<p><strong> Hiren Deka, Nazibuddin Ahmed, Puja Haloi <\/strong><\/p>\r\n<!-- \/wp:paragraph -->\r\n<!-- wp:file {\"id\":7793,\"href\":\"https:\/\/biointerfaceresearch.com\/wp-content\/uploads\/2025\/02\/BRIAC151.007.pdf\",\"align\":\"right\"} -->\r\n<div class=\"wp-block-file alignright\"><a class=\"wp-block-file__button\" href=\"https:\/\/biointerfaceresearch.com\/wp-content\/uploads\/2025\/02\/BRIAC151.007.pdf\" download=\"\">Download<\/a><\/div>\r\n<!-- \/wp:file -->\r\n<!-- wp:separator {\"className\":\"is-style-wide\"} --><hr class=\"wp-block-separator is-style-wide\" \/><!-- \/wp:separator -->\r\n<h2>(8) <strong> The Theoretical Description for Sucralose and Alitam Food Sweeteners Electrochemical Determination by CoO(OH)\/CoO2 Redox Pair <\/strong><\/h2>\r\n<!-- \/wp:heading -->\r\n\r\n<!-- wp:paragraph {\"align\":\"right\"} -->\r\n<p class=\"has-text-align-right\"><a href=\"https:\/\/doi.org\/10.33263\/BRIAC151.008\">https:\/\/doi.org\/10.33263\/BRIAC151.008<\/a><\/p>\r\n<!-- \/wp:paragraph -->\r\n<p><strong> Volodymyr V. Tkach, Nataliia M. Storoshchuk, S\u00edlvio C. de Oliveira, Yana G. Ivanushko, Igor G. Biryuk, Tetyana B. Sykyrytska, Petro I. Yagodynets, Adriano O. da Silva, Zoriana Z. Masna, Inna M. Shevchenko, Viktoriia A. Gnitsevych, Tetyana I. Yudina, Dilfuza M. Musayeva, Xayriddin Kosimov, Oysha Jabborova, Bakhodirjon Samadov, Gulandom Sagdullayeva, Gulhayo Hamdanova, Elvina Sharipova, Laziz N. Niyazov, Margaryta V. Karputina, Dariia D. Khargelia, Jarem R. Garcia, Vira M. Odyntsova, Mykola P. Krasko, Jos\u00e9 In\u00e1cio Ferr\u00e3o da Paiva Martins, Tetiana V. Morozova, Viktoriia M. Lavrinenko, Oleksii T. Yermak, Zholt O. Kormosh <\/strong><\/p>\r\n<!-- \/wp:paragraph -->\r\n<!-- wp:file {\"id\":7793,\"href\":\"https:\/\/biointerfaceresearch.com\/wp-content\/uploads\/2025\/02\/BRIAC151.008.pdf\",\"align\":\"right\"} -->\r\n<div class=\"wp-block-file alignright\"><a class=\"wp-block-file__button\" href=\"https:\/\/biointerfaceresearch.com\/wp-content\/uploads\/2025\/02\/BRIAC151.008.pdf\" download=\"\">Download<\/a><\/div>\r\n<!-- \/wp:file -->\r\n<!-- wp:separator {\"className\":\"is-style-wide\"} --><hr class=\"wp-block-separator is-style-wide\" \/><!-- \/wp:separator -->\r\n<h2>(9) <strong> Progress of Indole Alkaloids for Potential Application in Type 2 Diabetes Mellitus-An Updated Review <\/strong><\/h2>\r\n<!-- \/wp:heading -->\r\n\r\n<!-- wp:paragraph {\"align\":\"right\"} -->\r\n<p class=\"has-text-align-right\"><a href=\"https:\/\/doi.org\/10.33263\/BRIAC151.009\">https:\/\/doi.org\/10.33263\/BRIAC151.009<\/a><\/p>\r\n<!-- \/wp:paragraph -->\r\n<p><strong> Konatham Teja Kumar Reddy, Jeetendra Kumar Gupta, Attuluri Venkata Badarinath, Devadhas Jeslin, Chandan Ravandur Shivanna, Murugesan Thenmozhi, Suseela Prema, Yusuff Ismail, Alapati Sahithi, Sateesh Kumar Vemula <\/strong><\/p>\r\n<!-- \/wp:paragraph -->\r\n<!-- wp:file {\"id\":7793,\"href\":\"https:\/\/biointerfaceresearch.com\/wp-content\/uploads\/2025\/02\/BRIAC151.009.pdf\",\"align\":\"right\"} -->\r\n<div class=\"wp-block-file alignright\"><a class=\"wp-block-file__button\" href=\"https:\/\/biointerfaceresearch.com\/wp-content\/uploads\/2025\/02\/BRIAC151.009.pdf\" download=\"\">Download<\/a><\/div>\r\n<!-- \/wp:file -->\r\n<!-- wp:separator {\"className\":\"is-style-wide\"} --><hr class=\"wp-block-separator is-style-wide\" \/><!-- \/wp:separator -->\r\n<h2>(10) <strong> Recent Approaches and Trends in Bio-flocculants for Environmental Sustainability: An Apodictic Review <\/strong><\/h2>\r\n<!-- \/wp:heading -->\r\n\r\n<!-- wp:paragraph {\"align\":\"right\"} -->\r\n<p class=\"has-text-align-right\"><a href=\"https:\/\/doi.org\/10.33263\/BRIAC151.010\">https:\/\/doi.org\/10.33263\/BRIAC151.010<\/a><\/p>\r\n<!-- \/wp:paragraph -->\r\n<p><strong> Janarthanan Karuppusamy, Hari Prasad Parthiban, Mohanapriyan Ramalingam, Meenakshi Narayanan, Rajaseetharama Sekar <\/strong><\/p>\r\n<!-- \/wp:paragraph -->\r\n<!-- wp:file {\"id\":7793,\"href\":\"https:\/\/biointerfaceresearch.com\/wp-content\/uploads\/2025\/02\/BRIAC151.010.pdf\",\"align\":\"right\"} -->\r\n<div class=\"wp-block-file alignright\"><a class=\"wp-block-file__button\" href=\"https:\/\/biointerfaceresearch.com\/wp-content\/uploads\/2025\/02\/BRIAC151.010.pdf\" download=\"\">Download<\/a><\/div>\r\n<!-- \/wp:file -->\r\n<!-- wp:separator {\"className\":\"is-style-wide\"} --><hr class=\"wp-block-separator is-style-wide\" \/><!-- \/wp:separator -->\r\n<h2>(11) <strong> Ophiobolin A \u2013 in the Treatment of Glioblastoma Multiforme (GBM)<\/strong><\/h2>\r\n<!-- \/wp:heading -->\r\n\r\n<!-- wp:paragraph {\"align\":\"right\"} -->\r\n<p class=\"has-text-align-right\"><a href=\"https:\/\/doi.org\/10.33263\/BRIAC151.011\">https:\/\/doi.org\/10.33263\/BRIAC151.011<\/a><\/p>\r\n<!-- \/wp:paragraph -->\r\n<p><strong> Natalia Ziaja, Klaudia Dynarowicz, Dominika Le\u015b, Zakariya Abdi Yakub, Dorota Bartusik-Aebisher, David Aebisher <\/strong><\/p>\r\n<!-- \/wp:paragraph -->\r\n<!-- wp:file {\"id\":7793,\"href\":\"https:\/\/biointerfaceresearch.com\/wp-content\/uploads\/2025\/02\/BRIAC151.011.pdf\",\"align\":\"right\"} -->\r\n<div class=\"wp-block-file alignright\"><a class=\"wp-block-file__button\" href=\"https:\/\/biointerfaceresearch.com\/wp-content\/uploads\/2025\/02\/BRIAC151.011.pdf\" download=\"\">Download<\/a><\/div>\r\n<!-- \/wp:file -->\r\n<!-- wp:separator {\"className\":\"is-style-wide\"} --><hr class=\"wp-block-separator is-style-wide\" \/><!-- \/wp:separator -->\r\n<h2>(12) <strong> Synthesis of Chalcone Derivatives and its Biological Evaluations: An Overview <\/strong><\/h2>\r\n<!-- \/wp:heading -->\r\n\r\n<!-- wp:paragraph {\"align\":\"right\"} -->\r\n<p class=\"has-text-align-right\"><a href=\"https:\/\/doi.org\/10.33263\/BRIAC151.012\">https:\/\/doi.org\/10.33263\/BRIAC151.012<\/a><\/p>\r\n<!-- \/wp:paragraph -->\r\n<p><strong> Mayur Pardhi, Pravin Mehsram, Pratima Bamgude, Harshad Sonawane, Dhanraj Kamble, Shrikrishna Tupare, Pravin Chavan <\/strong><\/p>\r\n<!-- \/wp:paragraph -->\r\n<!-- wp:file {\"id\":7793,\"href\":\"https:\/\/biointerfaceresearch.com\/wp-content\/uploads\/2025\/02\/BRIAC151.012.pdf\",\"align\":\"right\"} -->\r\n<div class=\"wp-block-file alignright\"><a class=\"wp-block-file__button\" href=\"https:\/\/biointerfaceresearch.com\/wp-content\/uploads\/2025\/02\/BRIAC151.012.pdf\" download=\"\">Download<\/a><\/div>\r\n<!-- \/wp:file -->\r\n<!-- wp:separator {\"className\":\"is-style-wide\"} --><hr class=\"wp-block-separator is-style-wide\" \/><!-- \/wp:separator -->\r\n<h2>(13) <strong> Effect of NaOH Concentration on the Mechanical and Microstructural Properties of Fly Ash-Based Geopolymer <\/strong><\/h2>\r\n<!-- \/wp:heading -->\r\n\r\n<!-- wp:paragraph {\"align\":\"right\"} -->\r\n<p class=\"has-text-align-right\"><a href=\"https:\/\/doi.org\/10.33263\/BRIAC151.013\">https:\/\/doi.org\/10.33263\/BRIAC151.013<\/a><\/p>\r\n<!-- \/wp:paragraph -->\r\n<p><strong> Dipankar Das, Prasanta Kumar Rout <\/strong><\/p>\r\n<!-- \/wp:paragraph -->\r\n<!-- wp:file {\"id\":7793,\"href\":\"https:\/\/biointerfaceresearch.com\/wp-content\/uploads\/2025\/02\/BRIAC151.013.pdf\",\"align\":\"right\"} -->\r\n<div class=\"wp-block-file alignright\"><a class=\"wp-block-file__button\" href=\"https:\/\/biointerfaceresearch.com\/wp-content\/uploads\/2025\/02\/BRIAC151.013.pdf\" download=\"\">Download<\/a><\/div>\r\n<!-- \/wp:file -->\r\n<!-- wp:separator {\"className\":\"is-style-wide\"} --><hr class=\"wp-block-separator is-style-wide\" \/><!-- \/wp:separator -->\r\n<h2>(14) <strong> Mass Transfer Study and CFD Simulation in Stirred Tank Reactor with Dual Rushton Turbine Implementing Population Balance Model <\/strong><\/h2>\r\n<!-- \/wp:heading -->\r\n\r\n<!-- wp:paragraph {\"align\":\"right\"} -->\r\n<p class=\"has-text-align-right\"><a href=\"https:\/\/doi.org\/10.33263\/BRIAC151.014\">https:\/\/doi.org\/10.33263\/BRIAC151.014<\/a><\/p>\r\n<!-- \/wp:paragraph -->\r\n<p><strong> Shantanu Chavan, Shivanand Teli, Sunil Kulkarni <\/strong><\/p>\r\n<!-- \/wp:paragraph -->\r\n<!-- wp:file {\"id\":7793,\"href\":\"https:\/\/biointerfaceresearch.com\/wp-content\/uploads\/2025\/02\/BRIAC151.014.pdf\",\"align\":\"right\"} -->\r\n<div class=\"wp-block-file alignright\"><a class=\"wp-block-file__button\" href=\"https:\/\/biointerfaceresearch.com\/wp-content\/uploads\/2025\/02\/BRIAC151.014.pdf\" download=\"\">Download<\/a><\/div>\r\n<!-- \/wp:file -->\r\n<!-- wp:separator {\"className\":\"is-style-wide\"} --><hr class=\"wp-block-separator is-style-wide\" \/><!-- \/wp:separator -->\r\n<h2>(15) <strong> Review of Biopolymer Composite Through 3D Printing Techniques <\/strong><\/h2>\r\n<!-- \/wp:heading -->\r\n\r\n<!-- wp:paragraph {\"align\":\"right\"} -->\r\n<p class=\"has-text-align-right\"><a href=\"https:\/\/doi.org\/10.33263\/BRIAC151.015\">https:\/\/doi.org\/10.33263\/BRIAC151.015<\/a><\/p>\r\n<!-- \/wp:paragraph -->\r\n<p><strong> Aiman Haiqal Aizam Hamidie, Sharifah Adzila, Aisyah Razak, Najah Mat Isa <\/strong><\/p>\r\n<!-- \/wp:paragraph -->\r\n<!-- wp:file {\"id\":7793,\"href\":\"https:\/\/biointerfaceresearch.com\/wp-content\/uploads\/2025\/02\/BRIAC151.015.pdf\",\"align\":\"right\"} -->\r\n<div class=\"wp-block-file alignright\"><a class=\"wp-block-file__button\" href=\"https:\/\/biointerfaceresearch.com\/wp-content\/uploads\/2025\/02\/BRIAC151.015.pdf\" download=\"\">Download<\/a><\/div>\r\n<!-- \/wp:file -->\r\n<!-- wp:separator {\"className\":\"is-style-wide\"} --><hr class=\"wp-block-separator is-style-wide\" \/><!-- \/wp:separator -->","protected":false},"excerpt":{"rendered":"<p>Biointerface Res. Appl. Chem., Volume 15, Issue\u00a0 1, 2025 &#8211; 15th February (1) Current Knowledge of Photodynamic Therapy https:\/\/doi.org\/10.33263\/BRIAC151.001 David Aebisher, Micha\u0142 Broszkiewicz, Klaudia Wojciechowska, Klaudia Dynarowicz, Dominika Le\u015b, Angelika My\u015bliwiec, Dorota Bartusik-Aebisher Download (2) PKA Inhibition in Alzheimer&#8217;s Disease: Through the Apologia of a Straight Forward but Nontrivial Concept &hellip;<\/p>\n","protected":false},"author":1,"featured_media":0,"parent":12043,"menu_order":1,"comment_status":"closed","ping_status":"closed","template":"","meta":{"footnotes":""},"class_list":["post-12045","page","type-page","status-publish","hentry"],"_links":{"self":[{"href":"https:\/\/biointerfaceresearch.com\/index.php?rest_route=\/wp\/v2\/pages\/12045","targetHints":{"allow":["GET"]}}],"collection":[{"href":"https:\/\/biointerfaceresearch.com\/index.php?rest_route=\/wp\/v2\/pages"}],"about":[{"href":"https:\/\/biointerfaceresearch.com\/index.php?rest_route=\/wp\/v2\/types\/page"}],"author":[{"embeddable":true,"href":"https:\/\/biointerfaceresearch.com\/index.php?rest_route=\/wp\/v2\/users\/1"}],"replies":[{"embeddable":true,"href":"https:\/\/biointerfaceresearch.com\/index.php?rest_route=%2Fwp%2Fv2%2Fcomments&post=12045"}],"version-history":[{"count":19,"href":"https:\/\/biointerfaceresearch.com\/index.php?rest_route=\/wp\/v2\/pages\/12045\/revisions"}],"predecessor-version":[{"id":12090,"href":"https:\/\/biointerfaceresearch.com\/index.php?rest_route=\/wp\/v2\/pages\/12045\/revisions\/12090"}],"up":[{"embeddable":true,"href":"https:\/\/biointerfaceresearch.com\/index.php?rest_route=\/wp\/v2\/pages\/12043"}],"wp:attachment":[{"href":"https:\/\/biointerfaceresearch.com\/index.php?rest_route=%2Fwp%2Fv2%2Fmedia&parent=12045"}],"curies":[{"name":"wp","href":"https:\/\/api.w.org\/{rel}","templated":true}]}}