{"id":1388,"date":"2016-06-14T22:32:33","date_gmt":"2016-06-14T20:32:33","guid":{"rendered":"http:\/\/biointerfaceresearch.com\/?page_id=1388"},"modified":"2020-04-10T18:44:54","modified_gmt":"2020-04-10T16:44:54","slug":"issue-3","status":"publish","type":"page","link":"https:\/\/biointerfaceresearch.com\/?page_id=1388","title":{"rendered":"Issue 3"},"content":{"rendered":"<p style=\"text-align: center;\"><strong>Biointerface Res. Appl. Chem., Volume 6, Issue 3, 2016 (June 15th,\u00a0\u00a02016)<\/strong><\/p>\n<p style=\"text-align: right;\"><em><strong><a  data-e-Disable-Page-Transition=\"true\" class=\"download-link\" title=\"\" href=\"https:\/\/biointerfaceresearch.com?download=1469&amp;tmstv=1777627941\" rel=\"nofollow\" id=\"download-link-1469\" data-redirect=\"false\" >\n\tDownload Cover\t(17573 downloads\t)\n<\/a>\n<\/strong><\/em><\/p>\n<hr \/>\n<p style=\"text-align: center;\"><span style=\"color: #ff0000;\"><strong>Special Issue<\/strong><\/span><\/p>\n<p style=\"text-align: justify;\">1)\u00a0Masoud Mozafari:\u00a0<strong>\u00a0Special issue on functional surfaces for tissue engineering and regenerative medicine<\/strong><\/p>\n<p style=\"text-align: right;\"><em><strong><a  data-e-Disable-Page-Transition=\"true\" class=\"download-link\" title=\"\" href=\"https:\/\/biointerfaceresearch.com?download=1393&amp;tmstv=1777627941\" rel=\"nofollow\" id=\"download-link-1393\" data-redirect=\"false\" >\n\tDownload Article\t(17505 downloads\t)\n<\/a>\n<\/strong><\/em><\/p>\n<hr \/>\n<p style=\"text-align: left;\">2)\u00a0Zahra Barabadi, Esmaeel Sharifi, Mahmoud Azami, Jafar Ai:\u00a0<strong>Copper-doped 45S5 bioglass nanoparticles for tissue engineering applications: A comparative study<\/strong><\/p>\n<p style=\"text-align: left;\"><img loading=\"lazy\" decoding=\"async\" class=\"aligncenter size-full wp-image-1297\" src=\"https:\/\/biointerfaceresearch.com\/wp-content\/uploads\/2015\/03\/BRIAC.Barabadi.png\" alt=\"\" width=\"550\" height=\"350\" srcset=\"https:\/\/biointerfaceresearch.com\/wp-content\/uploads\/2015\/03\/BRIAC.Barabadi.png 550w, https:\/\/biointerfaceresearch.com\/wp-content\/uploads\/2015\/03\/BRIAC.Barabadi-300x191.png 300w\" sizes=\"auto, (max-width: 550px) 100vw, 550px\" \/><\/p>\n<p style=\"text-align: right;\"><em><strong><a  data-e-Disable-Page-Transition=\"true\" class=\"download-link\" title=\"\" href=\"https:\/\/biointerfaceresearch.com?download=1395&amp;tmstv=1777627941\" rel=\"nofollow\" id=\"download-link-1395\" data-redirect=\"false\" >\n\tDownload Article\t(18874 downloads\t)\n<\/a>\n<\/strong><\/em><\/p>\n<hr \/>\n<p>3)\u00a0Mahboubeh Jafarkhani, Zeinab Salehi, Pezhman Ghelich:\u00a0<strong>An overview on the experimental and mathematical modelings of angiogenesis and vasculogenesis<\/strong><\/p>\n<p><img loading=\"lazy\" decoding=\"async\" class=\"aligncenter size-full wp-image-1301\" src=\"https:\/\/biointerfaceresearch.com\/wp-content\/uploads\/2015\/03\/BRIAC.Jafarkhani.png\" alt=\"\" width=\"550\" height=\"350\" srcset=\"https:\/\/biointerfaceresearch.com\/wp-content\/uploads\/2015\/03\/BRIAC.Jafarkhani.png 550w, https:\/\/biointerfaceresearch.com\/wp-content\/uploads\/2015\/03\/BRIAC.Jafarkhani-300x191.png 300w\" sizes=\"auto, (max-width: 550px) 100vw, 550px\" \/><\/p>\n<p style=\"text-align: right;\"><em><strong><a  data-e-Disable-Page-Transition=\"true\" class=\"download-link\" title=\"\" href=\"https:\/\/biointerfaceresearch.com?download=1398&amp;tmstv=1777627941\" rel=\"nofollow\" id=\"download-link-1398\" data-redirect=\"false\" >\n\tDownload Article\t(18817 downloads\t)\n<\/a>\n<\/strong><\/em><\/p>\n<hr \/>\n<p>4)\u00a0Newsha Jalali, Zahra Rezvani, Narendra Pal Singh Chauhan, Masoud Mozafari:\u00a0<strong>Synthesis and characterization of surface-modified <\/strong><strong>poly (lactide-co-glycolide) nanoparticles by chitosan molecules for on-demand drug delivery applications<\/strong><\/p>\n<p><img loading=\"lazy\" decoding=\"async\" class=\"aligncenter size-full wp-image-1304\" src=\"https:\/\/biointerfaceresearch.com\/wp-content\/uploads\/2015\/03\/BRIAC.Jalali.png\" alt=\"\" width=\"550\" height=\"350\" srcset=\"https:\/\/biointerfaceresearch.com\/wp-content\/uploads\/2015\/03\/BRIAC.Jalali.png 550w, https:\/\/biointerfaceresearch.com\/wp-content\/uploads\/2015\/03\/BRIAC.Jalali-300x191.png 300w\" sizes=\"auto, (max-width: 550px) 100vw, 550px\" \/><\/p>\n<p style=\"text-align: right;\"><em><strong><a  data-e-Disable-Page-Transition=\"true\" class=\"download-link\" title=\"\" href=\"https:\/\/biointerfaceresearch.com?download=1401&amp;tmstv=1777627941\" rel=\"nofollow\" id=\"download-link-1401\" data-redirect=\"false\" >\n\tDownload Article\t(19242 downloads\t)\n<\/a>\n<\/strong><\/em><\/p>\n<hr \/>\n<p>5)\u00a0Arash Ramedani, Yeganeh Hatefi, Masoud Mozafari:\u00a0<strong>Controlled delivery of cefixime trihydrate from organic-inorganic nanofiber composite<\/strong><strong>s<\/strong><\/p>\n<p><img loading=\"lazy\" decoding=\"async\" class=\"aligncenter size-full wp-image-1307\" src=\"https:\/\/biointerfaceresearch.com\/wp-content\/uploads\/2015\/03\/BRIAc.Ramedani.png\" alt=\"\" width=\"550\" height=\"350\" srcset=\"https:\/\/biointerfaceresearch.com\/wp-content\/uploads\/2015\/03\/BRIAc.Ramedani.png 550w, https:\/\/biointerfaceresearch.com\/wp-content\/uploads\/2015\/03\/BRIAc.Ramedani-300x191.png 300w\" sizes=\"auto, (max-width: 550px) 100vw, 550px\" \/><\/p>\n<p style=\"text-align: right;\"><em><strong><a  data-e-Disable-Page-Transition=\"true\" class=\"download-link\" title=\"\" href=\"https:\/\/biointerfaceresearch.com?download=1403&amp;tmstv=1777627941\" rel=\"nofollow\" id=\"download-link-1403\" data-redirect=\"false\" >\n\tDownload Article\t(18222 downloads\t)\n<\/a>\n<\/strong><\/em><\/p>\n<hr \/>\n<p>6)\u00a0Amir Salati, Hamid Keshvari, Ghasem Ahangari, Mohammad Hossein Sanati:\u00a0<strong>Process parameters optimization for tissue engineered chitosan\/gelatin nanofibrous scaffolds<\/strong><\/p>\n<p><img loading=\"lazy\" decoding=\"async\" class=\"aligncenter size-full wp-image-1310\" src=\"https:\/\/biointerfaceresearch.com\/wp-content\/uploads\/2015\/03\/BRIAC.Salati.png\" alt=\"\" width=\"550\" height=\"350\" srcset=\"https:\/\/biointerfaceresearch.com\/wp-content\/uploads\/2015\/03\/BRIAC.Salati.png 550w, https:\/\/biointerfaceresearch.com\/wp-content\/uploads\/2015\/03\/BRIAC.Salati-300x191.png 300w\" sizes=\"auto, (max-width: 550px) 100vw, 550px\" \/><\/p>\n<p style=\"text-align: right;\"><em><strong><a  data-e-Disable-Page-Transition=\"true\" class=\"download-link\" title=\"\" href=\"https:\/\/biointerfaceresearch.com?download=1405&amp;tmstv=1777627941\" rel=\"nofollow\" id=\"download-link-1405\" data-redirect=\"false\" >\n\tDownload Article\t(18304 downloads\t)\n<\/a>\n<\/strong><\/em><\/p>\n<hr \/>\n<p>7)\u00a0Amir Salati, Ghasem Ahangari, Hamid Keshvari, Mohammad Hossein Sanati:\u00a0<strong>Modeling the effect of autoreactive T-cells on oligodendrocytes in multiple sclerosis patients using chitosan\/gelatin nanofibrous scaffolds<\/strong><\/p>\n<p><img loading=\"lazy\" decoding=\"async\" class=\"aligncenter size-full wp-image-1313\" src=\"https:\/\/biointerfaceresearch.com\/wp-content\/uploads\/2015\/03\/BRIAC.Salati2.png\" alt=\"\" width=\"550\" height=\"350\" srcset=\"https:\/\/biointerfaceresearch.com\/wp-content\/uploads\/2015\/03\/BRIAC.Salati2.png 550w, https:\/\/biointerfaceresearch.com\/wp-content\/uploads\/2015\/03\/BRIAC.Salati2-300x191.png 300w\" sizes=\"auto, (max-width: 550px) 100vw, 550px\" \/><\/p>\n<p style=\"text-align: right;\"><em><strong><a  data-e-Disable-Page-Transition=\"true\" class=\"download-link\" title=\"\" href=\"https:\/\/biointerfaceresearch.com?download=1408&amp;tmstv=1777627941\" rel=\"nofollow\" id=\"download-link-1408\" data-redirect=\"false\" >\n\tDownload Article\t(18277 downloads\t)\n<\/a>\n<\/strong><\/em><\/p>\n<hr \/>\n<p>8)\u00a0Ali Samadikuchaksaraei, Mazaher Gholipourmalekabadi, Behrouz Farhadihosseinabadi, Zahra Rezvani, Masoud Mozafari:\u00a0<strong>Carboxymethyl chitosan\/forsterite bone tissue engineering scaffolds: correlations between composition and physico-chemical characteristics<\/strong><\/p>\n<p><img loading=\"lazy\" decoding=\"async\" class=\"aligncenter size-full wp-image-1316\" src=\"https:\/\/biointerfaceresearch.com\/wp-content\/uploads\/2015\/03\/BRIAC.Samadikuchaksaraei.png\" alt=\"\" width=\"550\" height=\"350\" srcset=\"https:\/\/biointerfaceresearch.com\/wp-content\/uploads\/2015\/03\/BRIAC.Samadikuchaksaraei.png 550w, https:\/\/biointerfaceresearch.com\/wp-content\/uploads\/2015\/03\/BRIAC.Samadikuchaksaraei-300x191.png 300w\" sizes=\"auto, (max-width: 550px) 100vw, 550px\" \/><\/p>\n<p style=\"text-align: right;\"><em><strong><a  data-e-Disable-Page-Transition=\"true\" class=\"download-link\" title=\"\" href=\"https:\/\/biointerfaceresearch.com?download=1411&amp;tmstv=1777627941\" rel=\"nofollow\" id=\"download-link-1411\" data-redirect=\"false\" >\n\tDownload Article\t(19080 downloads\t)\n<\/a>\n<\/strong><\/em><\/p>\n<hr \/>\n<p>9)\u00a0Azadeh Sepahvandi, Mahnaz Eskandari, Fathollah Moztarzadeh:\u00a0<strong>Photoluminescence and decay characteristics of PEGylated long lasting nanophosphors for tissue engineering applications<\/strong><\/p>\n<p><img loading=\"lazy\" decoding=\"async\" class=\"aligncenter wp-image-1319\" src=\"https:\/\/biointerfaceresearch.com\/wp-content\/uploads\/2015\/03\/BRIAC.Sepahvandi.png\" alt=\"\" width=\"550\" height=\"369\" srcset=\"https:\/\/biointerfaceresearch.com\/wp-content\/uploads\/2015\/03\/BRIAC.Sepahvandi.png 679w, https:\/\/biointerfaceresearch.com\/wp-content\/uploads\/2015\/03\/BRIAC.Sepahvandi-300x201.png 300w\" sizes=\"auto, (max-width: 550px) 100vw, 550px\" \/><\/p>\n<p style=\"text-align: right;\"><em><strong><a  data-e-Disable-Page-Transition=\"true\" class=\"download-link\" title=\"\" href=\"https:\/\/biointerfaceresearch.com?download=1414&amp;tmstv=1777627941\" rel=\"nofollow\" id=\"download-link-1414\" data-redirect=\"false\" >\n\tDownload Article\t(17841 downloads\t)\n<\/a>\n<\/strong><\/em><\/p>\n<hr \/>\n<p style=\"text-align: left;\">10)\u00a0Mohammad Hasan Barounian, Saeed Hesaraki, Asghar Kazemzadeh:\u00a0<strong>Effect of curing regime and maturation time on photopolymerisation and <em>in vitro<\/em> behavior of a polymeric light-cured calcium phosphate cement<\/strong><\/p>\n<p style=\"text-align: center;\"><img loading=\"lazy\" decoding=\"async\" class=\"aligncenter size-full wp-image-1298\" src=\"https:\/\/biointerfaceresearch.com\/wp-content\/uploads\/2015\/03\/BRIAc.Barounian.png\" alt=\"\" width=\"550\" height=\"350\" srcset=\"https:\/\/biointerfaceresearch.com\/wp-content\/uploads\/2015\/03\/BRIAc.Barounian.png 550w, https:\/\/biointerfaceresearch.com\/wp-content\/uploads\/2015\/03\/BRIAc.Barounian-300x191.png 300w\" sizes=\"auto, (max-width: 550px) 100vw, 550px\" \/><\/p>\n<p style=\"text-align: right;\"><em><strong><a  data-e-Disable-Page-Transition=\"true\" class=\"download-link\" title=\"\" href=\"https:\/\/biointerfaceresearch.com?download=1417&amp;tmstv=1777627941\" rel=\"nofollow\" id=\"download-link-1417\" data-redirect=\"false\" >\n\tDownload Article\t(18658 downloads\t)\n<\/a>\n<\/strong><\/em><\/p>\n<hr \/>\n<p style=\"text-align: center;\"><span style=\"color: #ff0000;\"><strong>Regular Submission<\/strong>\u00a0<\/span><\/p>\n<p style=\"text-align: left;\">11)\u00a0L\u00eddia Raquel C. Aquino, Ana Ang\u00e9lica M. Mac\u00eado, Ant\u00f4nio S. B. Sombra, Cl\u00e9ber C. Silva:\u00a0<strong>Bone Cement: A Review<\/strong><\/p>\n<p style=\"text-align: left;\"><img loading=\"lazy\" decoding=\"async\" class=\"aligncenter size-full wp-image-1238\" src=\"https:\/\/biointerfaceresearch.com\/wp-content\/uploads\/2015\/03\/27.png\" alt=\"\" width=\"550\" height=\"350\" srcset=\"https:\/\/biointerfaceresearch.com\/wp-content\/uploads\/2015\/03\/27.png 550w, https:\/\/biointerfaceresearch.com\/wp-content\/uploads\/2015\/03\/27-300x191.png 300w\" sizes=\"auto, (max-width: 550px) 100vw, 550px\" \/><\/p>\n<p style=\"text-align: right;\"><em><strong><a  data-e-Disable-Page-Transition=\"true\" class=\"download-link\" title=\"\" href=\"https:\/\/biointerfaceresearch.com?download=1420&amp;tmstv=1777627941\" rel=\"nofollow\" id=\"download-link-1420\" data-redirect=\"false\" >\n\tDownload Article\t(18601 downloads\t)\n<\/a>\n<\/strong><\/em><\/p>\n<hr \/>\n<p style=\"text-align: justify;\">12) \u00a0Mohammad Reza Mohammad Shafiee, Mahboubeh Kargar<b>:\u00a0<strong>Preparation of aryl sulfonamides using CuO nanoparticles prepared in extractive Rosmarinus Officinalis leaves media<\/strong><\/b><\/p>\n<p style=\"text-align: center;\"><img loading=\"lazy\" decoding=\"async\" class=\"aligncenter size-full wp-image-1423\" src=\"https:\/\/biointerfaceresearch.com\/wp-content\/uploads\/2016\/06\/39.png\" alt=\"39\" width=\"550\" height=\"350\" srcset=\"https:\/\/biointerfaceresearch.com\/wp-content\/uploads\/2016\/06\/39.png 550w, https:\/\/biointerfaceresearch.com\/wp-content\/uploads\/2016\/06\/39-300x191.png 300w\" sizes=\"auto, (max-width: 550px) 100vw, 550px\" \/><\/p>\n<p style=\"text-align: right;\"><em><strong><a  data-e-Disable-Page-Transition=\"true\" class=\"download-link\" title=\"\" href=\"https:\/\/biointerfaceresearch.com?download=1424&amp;tmstv=1777627941\" rel=\"nofollow\" id=\"download-link-1424\" data-redirect=\"false\" >\n\tDownload Article\t(18122 downloads\t)\n<\/a>\n<\/strong><\/em><\/p>\n<hr \/>\n<p style=\"text-align: justify;\">13) \u00a0Daniela A. Geraldo, Paula Needham, Nancy Chandia,\u00a0Ramiro Arratia-Perez, Guido C. Mora, Nicol\u00e1s A. Villagra:<strong> Green synthesis of polysaccharides-based gold and silver nanoparticles and their promissory biological activity<\/strong><\/p>\n<p style=\"text-align: center;\"><img loading=\"lazy\" decoding=\"async\" class=\"aligncenter size-full wp-image-1427\" src=\"https:\/\/biointerfaceresearch.com\/wp-content\/uploads\/2016\/06\/40.png\" alt=\"40\" width=\"550\" height=\"350\" srcset=\"https:\/\/biointerfaceresearch.com\/wp-content\/uploads\/2016\/06\/40.png 550w, https:\/\/biointerfaceresearch.com\/wp-content\/uploads\/2016\/06\/40-300x191.png 300w\" sizes=\"auto, (max-width: 550px) 100vw, 550px\" \/><\/p>\n<p style=\"text-align: right;\"><em><strong><a  data-e-Disable-Page-Transition=\"true\" class=\"download-link\" title=\"\" href=\"https:\/\/biointerfaceresearch.com?download=1428&amp;tmstv=1777627941\" rel=\"nofollow\" id=\"download-link-1428\" data-redirect=\"false\" >\n\tDownload Article\t(19394 downloads\t)\n<\/a>\n<\/strong><\/em><\/p>\n<hr \/>\n<p style=\"text-align: justify;\">14)\u00a0Halenur Altan, Gul Tosun, Mahmut Kus:\u00a0<strong>Effects of different accelerators on the setting time and physo-chemical properties of mineral trioxide aggregate<\/strong><\/p>\n<p style=\"text-align: center;\"><img loading=\"lazy\" decoding=\"async\" class=\"aligncenter size-full wp-image-1431\" src=\"https:\/\/biointerfaceresearch.com\/wp-content\/uploads\/2016\/06\/41.png\" alt=\"41\" width=\"550\" height=\"350\" srcset=\"https:\/\/biointerfaceresearch.com\/wp-content\/uploads\/2016\/06\/41.png 550w, https:\/\/biointerfaceresearch.com\/wp-content\/uploads\/2016\/06\/41-300x191.png 300w\" sizes=\"auto, (max-width: 550px) 100vw, 550px\" \/><\/p>\n<p style=\"text-align: right;\"><em><strong><a  data-e-Disable-Page-Transition=\"true\" class=\"download-link\" title=\"\" href=\"https:\/\/biointerfaceresearch.com?download=1432&amp;tmstv=1777627941\" rel=\"nofollow\" id=\"download-link-1432\" data-redirect=\"false\" >\n\tDownload Article\t(19237 downloads\t)\n<\/a>\n<\/strong><\/em><\/p>\n<hr \/>\n<p style=\"text-align: justify;\">15) \u00a0Kagakin Evgeniy I., Lapsina Polina V. , Popova Anna N. , Dodonov Vadim G.:\u00a0<strong>Synthesis and some properties of nanostructured Ni-Co alloys<\/strong><\/p>\n<p style=\"text-align: center;\"><img loading=\"lazy\" decoding=\"async\" class=\"aligncenter size-full wp-image-1435\" src=\"https:\/\/biointerfaceresearch.com\/wp-content\/uploads\/2016\/06\/45.png\" alt=\"45\" width=\"550\" height=\"350\" srcset=\"https:\/\/biointerfaceresearch.com\/wp-content\/uploads\/2016\/06\/45.png 550w, https:\/\/biointerfaceresearch.com\/wp-content\/uploads\/2016\/06\/45-300x191.png 300w\" sizes=\"auto, (max-width: 550px) 100vw, 550px\" \/><\/p>\n<p style=\"text-align: right;\"><em><strong><a  data-e-Disable-Page-Transition=\"true\" class=\"download-link\" title=\"\" href=\"https:\/\/biointerfaceresearch.com?download=1436&amp;tmstv=1777627941\" rel=\"nofollow\" id=\"download-link-1436\" data-redirect=\"false\" >\n\tDownload Article\t(18612 downloads\t)\n<\/a>\n<\/strong><\/em><\/p>\n<hr \/>\n<p style=\"text-align: justify;\">16) \u00a0Bruna Santiago de Oliveira Silva, Amedea Barozzi Seabra:\u00a0<strong>Characterization of iron nanoparticles produced with green tea extract: a promising material for nitric oxide delivery<\/strong><\/p>\n<p style=\"text-align: center;\"><img loading=\"lazy\" decoding=\"async\" class=\"aligncenter size-full wp-image-1439\" src=\"https:\/\/biointerfaceresearch.com\/wp-content\/uploads\/2016\/06\/47.png\" alt=\"47\" width=\"550\" height=\"350\" srcset=\"https:\/\/biointerfaceresearch.com\/wp-content\/uploads\/2016\/06\/47.png 550w, https:\/\/biointerfaceresearch.com\/wp-content\/uploads\/2016\/06\/47-300x191.png 300w\" sizes=\"auto, (max-width: 550px) 100vw, 550px\" \/><\/p>\n<p style=\"text-align: right;\"><em><strong><a  data-e-Disable-Page-Transition=\"true\" class=\"download-link\" title=\"\" href=\"https:\/\/biointerfaceresearch.com?download=1440&amp;tmstv=1777627941\" rel=\"nofollow\" id=\"download-link-1440\" data-redirect=\"false\" >\n\tDownload Article\t(19598 downloads\t)\n<\/a>\n<\/strong><\/em><\/p>\n<hr \/>\n<p style=\"text-align: justify;\">17) \u00a0Dorota Bartusik , David Aebisher, Piotr Tutka:\u00a0<strong><em>In vivo<\/em> imaging studies of cytisine<\/strong><\/p>\n<p style=\"text-align: center;\"><img loading=\"lazy\" decoding=\"async\" class=\"aligncenter size-full wp-image-1443\" src=\"https:\/\/biointerfaceresearch.com\/wp-content\/uploads\/2016\/06\/58.png\" alt=\"58\" width=\"550\" height=\"350\" srcset=\"https:\/\/biointerfaceresearch.com\/wp-content\/uploads\/2016\/06\/58.png 550w, https:\/\/biointerfaceresearch.com\/wp-content\/uploads\/2016\/06\/58-300x191.png 300w\" sizes=\"auto, (max-width: 550px) 100vw, 550px\" \/><\/p>\n<p style=\"text-align: right;\"><em><strong><a  data-e-Disable-Page-Transition=\"true\" class=\"download-link\" title=\"\" href=\"https:\/\/biointerfaceresearch.com?download=1444&amp;tmstv=1777627941\" rel=\"nofollow\" id=\"download-link-1444\" data-redirect=\"false\" >\n\tDownload Article\t(18482 downloads\t)\n<\/a>\n<\/strong><\/em><\/p>\n<hr \/>\n<p style=\"text-align: justify;\">18) \u00a0Dosadina Elina Eldarovna, Kulmetyeva Margarita Anatolyevna, Belov Alexey Alexeevich:<strong>\u00a0The changing of enzymatic activity of hydrolases immobilized on natural polysaccharide matrix for purulent and burn wounds treatment during storing and exploitation<\/strong><\/p>\n<p style=\"text-align: center;\"><img loading=\"lazy\" decoding=\"async\" class=\"aligncenter size-full wp-image-1447\" src=\"https:\/\/biointerfaceresearch.com\/wp-content\/uploads\/2016\/06\/68.png\" alt=\"68\" width=\"550\" height=\"350\" srcset=\"https:\/\/biointerfaceresearch.com\/wp-content\/uploads\/2016\/06\/68.png 550w, https:\/\/biointerfaceresearch.com\/wp-content\/uploads\/2016\/06\/68-300x191.png 300w\" sizes=\"auto, (max-width: 550px) 100vw, 550px\" \/><\/p>\n<p style=\"text-align: right;\"><em><strong><a  data-e-Disable-Page-Transition=\"true\" class=\"download-link\" title=\"\" href=\"https:\/\/biointerfaceresearch.com?download=1448&amp;tmstv=1777627941\" rel=\"nofollow\" id=\"download-link-1448\" data-redirect=\"false\" >\n\tDownload Article\t(18954 downloads\t)\n<\/a>\n<\/strong><\/em><\/p>\n<hr \/>\n<p style=\"text-align: justify;\">19) \u00a0Nacer Rezgui, Moufida Aggouf , Amel Aissaoui, Chahra Bidjou-Haiour:\u00a0<strong> Enhancing catalytic activity of lipases from Candida cylindracea and Pancreatic porc for glucose laurate synthesis<\/strong><\/p>\n<p style=\"text-align: center;\"><img loading=\"lazy\" decoding=\"async\" class=\"aligncenter size-full wp-image-1451\" src=\"https:\/\/biointerfaceresearch.com\/wp-content\/uploads\/2016\/06\/64.png\" alt=\"64\" width=\"550\" height=\"350\" srcset=\"https:\/\/biointerfaceresearch.com\/wp-content\/uploads\/2016\/06\/64.png 550w, https:\/\/biointerfaceresearch.com\/wp-content\/uploads\/2016\/06\/64-300x191.png 300w\" sizes=\"auto, (max-width: 550px) 100vw, 550px\" \/><\/p>\n<p style=\"text-align: right;\"><em><strong><a  data-e-Disable-Page-Transition=\"true\" class=\"download-link\" title=\"\" href=\"https:\/\/biointerfaceresearch.com?download=1452&amp;tmstv=1777627941\" rel=\"nofollow\" id=\"download-link-1452\" data-redirect=\"false\" >\n\tDownload Article\t(18641 downloads\t)\n<\/a>\n<\/strong><\/em><\/p>\n<hr \/>\n<p style=\"text-align: justify;\">20)\u00a0V. Tamara Perchyonok, Rafael Felitti,\u00a0Shengmiao Zhang:\u00a0<strong>Chitosan bio-active designer materials and orthodontics: development and evaluation of novel materials as enamel protective agents<\/strong><\/p>\n<p><img loading=\"lazy\" decoding=\"async\" class=\"aligncenter size-full wp-image-1207\" src=\"https:\/\/biointerfaceresearch.com\/wp-content\/uploads\/2015\/03\/21.BRIAC_.png\" alt=\"\" width=\"550\" height=\"350\" srcset=\"https:\/\/biointerfaceresearch.com\/wp-content\/uploads\/2015\/03\/21.BRIAC_.png 550w, https:\/\/biointerfaceresearch.com\/wp-content\/uploads\/2015\/03\/21.BRIAC_-300x191.png 300w\" sizes=\"auto, (max-width: 550px) 100vw, 550px\" \/><\/p>\n<p style=\"text-align: right;\"><em><strong><a  data-e-Disable-Page-Transition=\"true\" class=\"download-link\" title=\"\" href=\"https:\/\/biointerfaceresearch.com?download=1457&amp;tmstv=1777627941\" rel=\"nofollow\" id=\"download-link-1457\" data-redirect=\"false\" >\n\tDownload Article\t(18352 downloads\t)\n<\/a>\n<\/strong><\/em><\/p>\n<hr \/>\n<p style=\"text-align: justify;\">\u00a021)\u00a0Ortansa Csutak, Alexandra Ghi\u0163\u0103 , Tatiana Vassu:\u00a0<strong>Production of biosurfactants by <em>Candida glabrata<\/em> CMGB35 and <em>Kluyveromyces<\/em> (<em>Nakaseomyces<\/em>) <em>delphensis<\/em> CMGB62 strains belonging to the <em>Nakaseomyces <\/em>clade<\/strong><\/p>\n<p style=\"text-align: center;\"><img loading=\"lazy\" decoding=\"async\" class=\"aligncenter size-full wp-image-1462\" src=\"https:\/\/biointerfaceresearch.com\/wp-content\/uploads\/2016\/06\/75.png\" alt=\"75\" width=\"550\" height=\"350\" srcset=\"https:\/\/biointerfaceresearch.com\/wp-content\/uploads\/2016\/06\/75.png 550w, https:\/\/biointerfaceresearch.com\/wp-content\/uploads\/2016\/06\/75-300x191.png 300w\" sizes=\"auto, (max-width: 550px) 100vw, 550px\" \/><\/p>\n<p style=\"text-align: right;\"><em><strong><a  data-e-Disable-Page-Transition=\"true\" class=\"download-link\" title=\"\" href=\"https:\/\/biointerfaceresearch.com?download=1460&amp;tmstv=1777627941\" rel=\"nofollow\" id=\"download-link-1460\" data-redirect=\"false\" >\n\tDownload Article\t(18318 downloads\t)\n<\/a>\n<\/strong><\/em><\/p>\n<hr \/>\n<p style=\"text-align: right;\">\n","protected":false},"excerpt":{"rendered":"<p>Biointerface Res. Appl. Chem., Volume 6, Issue 3, 2016 (June 15th,\u00a0\u00a02016) Special Issue 1)\u00a0Masoud Mozafari:\u00a0\u00a0Special issue on functional surfaces for tissue engineering and regenerative medicine 2)\u00a0Zahra Barabadi, Esmaeel Sharifi, Mahmoud Azami, Jafar Ai:\u00a0Copper-doped 45S5 bioglass nanoparticles for tissue engineering applications: A comparative study 3)\u00a0Mahboubeh Jafarkhani, Zeinab Salehi, Pezhman Ghelich:\u00a0An overview &hellip;<\/p>\n","protected":false},"author":1,"featured_media":0,"parent":1179,"menu_order":0,"comment_status":"closed","ping_status":"closed","template":"","meta":{"footnotes":""},"class_list":["post-1388","page","type-page","status-publish","hentry"],"_links":{"self":[{"href":"https:\/\/biointerfaceresearch.com\/index.php?rest_route=\/wp\/v2\/pages\/1388","targetHints":{"allow":["GET"]}}],"collection":[{"href":"https:\/\/biointerfaceresearch.com\/index.php?rest_route=\/wp\/v2\/pages"}],"about":[{"href":"https:\/\/biointerfaceresearch.com\/index.php?rest_route=\/wp\/v2\/types\/page"}],"author":[{"embeddable":true,"href":"https:\/\/biointerfaceresearch.com\/index.php?rest_route=\/wp\/v2\/users\/1"}],"replies":[{"embeddable":true,"href":"https:\/\/biointerfaceresearch.com\/index.php?rest_route=%2Fwp%2Fv2%2Fcomments&post=1388"}],"version-history":[{"count":0,"href":"https:\/\/biointerfaceresearch.com\/index.php?rest_route=\/wp\/v2\/pages\/1388\/revisions"}],"up":[{"embeddable":true,"href":"https:\/\/biointerfaceresearch.com\/index.php?rest_route=\/wp\/v2\/pages\/1179"}],"wp:attachment":[{"href":"https:\/\/biointerfaceresearch.com\/index.php?rest_route=%2Fwp%2Fv2%2Fmedia&parent=1388"}],"curies":[{"name":"wp","href":"https:\/\/api.w.org\/{rel}","templated":true}]}}