{"id":1475,"date":"2016-07-20T22:15:21","date_gmt":"2016-07-20T20:15:21","guid":{"rendered":"http:\/\/biointerfaceresearch.com\/?page_id=1475"},"modified":"2020-04-10T18:44:59","modified_gmt":"2020-04-10T16:44:59","slug":"issue-4","status":"publish","type":"page","link":"https:\/\/biointerfaceresearch.com\/?page_id=1475","title":{"rendered":"Issue 4"},"content":{"rendered":"<p style=\"text-align: center;\"><strong>Biointerface Res. Appl. Chem., Volume 6, Issue 4, 2016 (August 15th,\u00a0\u00a02016)<\/strong><\/p>\n<p style=\"text-align: right;\"><em><strong><a  data-e-Disable-Page-Transition=\"true\" class=\"download-link\" title=\"\" href=\"https:\/\/biointerfaceresearch.com?download=1648&amp;tmstv=1777104005\" rel=\"nofollow\" id=\"download-link-1648\" data-redirect=\"false\" >\n\tDownload Article\t(16697 downloads\t)\n<\/a>\n<\/strong><\/em><\/p>\n<hr \/>\n<p style=\"text-align: justify;\">1)\u00a0Sakineh Rahmani, Mohammad Taghi Khorasani, Farzin Etemadi:\u00a0<strong>L929 Fibroblast cells response on plasma modified TPE polyurethanes surfaces: morphology study<\/strong><\/p>\n<p style=\"text-align: center;\"><img loading=\"lazy\" decoding=\"async\" class=\"aligncenter size-full wp-image-1479\" src=\"https:\/\/biointerfaceresearch.com\/wp-content\/uploads\/2016\/07\/2069583764314319.png\" alt=\"\" width=\"550\" height=\"350\" srcset=\"https:\/\/biointerfaceresearch.com\/wp-content\/uploads\/2016\/07\/2069583764314319.png 550w, https:\/\/biointerfaceresearch.com\/wp-content\/uploads\/2016\/07\/2069583764314319-300x191.png 300w\" sizes=\"auto, (max-width: 550px) 100vw, 550px\" \/><\/p>\n<p style=\"text-align: right;\"><em><strong><a  data-e-Disable-Page-Transition=\"true\" class=\"download-link\" title=\"\" href=\"https:\/\/biointerfaceresearch.com?download=1480&amp;tmstv=1777104005\" rel=\"nofollow\" id=\"download-link-1480\" data-redirect=\"false\" >\n\tDownload Article\t(17775 downloads\t)\n<\/a>\n<\/strong><\/em><\/p>\n<hr \/>\n<p style=\"text-align: justify;\">2)\u00a0Semra Kirboga, Mualla \u00d6ner:\u00a0<strong>Synthesis of calcium carbonate in the presence of polymers under ultrasonic waves<\/strong><\/p>\n<p style=\"text-align: center;\"><img loading=\"lazy\" decoding=\"async\" class=\"aligncenter size-full wp-image-1482\" src=\"https:\/\/biointerfaceresearch.com\/wp-content\/uploads\/2016\/07\/2069583764320326.png\" alt=\"d\" width=\"550\" height=\"350\" srcset=\"https:\/\/biointerfaceresearch.com\/wp-content\/uploads\/2016\/07\/2069583764320326.png 550w, https:\/\/biointerfaceresearch.com\/wp-content\/uploads\/2016\/07\/2069583764320326-300x191.png 300w\" sizes=\"auto, (max-width: 550px) 100vw, 550px\" \/><\/p>\n<p style=\"text-align: right;\"><em><strong><a  data-e-Disable-Page-Transition=\"true\" class=\"download-link\" title=\"\" href=\"https:\/\/biointerfaceresearch.com?download=1483&amp;tmstv=1777104005\" rel=\"nofollow\" id=\"download-link-1483\" data-redirect=\"false\" >\n\tDownload Article\t(18598 downloads\t)\n<\/a>\n<\/strong><\/em><\/p>\n<hr \/>\n<p style=\"text-align: justify;\">3)\u00a0Nikoo Hosseini, Mohammad Aghamohammadi, Alireza Khajeh-Amiri:\u00a0<strong>A study of magnetic structure of some annulenes based on nuclear magnetic resonance spectroscopy using density functional theory (DFT)<\/strong><\/p>\n<p style=\"text-align: center;\"><img loading=\"lazy\" decoding=\"async\" class=\"aligncenter size-full wp-image-1542\" src=\"https:\/\/biointerfaceresearch.com\/wp-content\/uploads\/2016\/07\/2069583764327333r.png\" alt=\"\" width=\"550\" height=\"350\" srcset=\"https:\/\/biointerfaceresearch.com\/wp-content\/uploads\/2016\/07\/2069583764327333r.png 550w, https:\/\/biointerfaceresearch.com\/wp-content\/uploads\/2016\/07\/2069583764327333r-300x191.png 300w\" sizes=\"auto, (max-width: 550px) 100vw, 550px\" \/><\/p>\n<p style=\"text-align: right;\"><em><strong><a  data-e-Disable-Page-Transition=\"true\" class=\"download-link\" title=\"\" href=\"https:\/\/biointerfaceresearch.com?download=1538&amp;tmstv=1777104005\" rel=\"nofollow\" id=\"download-link-1538\" data-redirect=\"false\" >\n\tDownload Article\t(21303 downloads\t)\n<\/a>\n<\/strong><\/em><\/p>\n<hr \/>\n<p style=\"text-align: justify;\">4)\u00a0Nadia Raiz, Muhammad Aamir, Muhammad Sher,\u00a0Muhammad Azad Malik, Javeed Akhtar:\u00a0<strong>Facile synthesis of Fe<sub>3<\/sub>O<sub>4<\/sub>@SiO<sub>2<\/sub>.Cu<sub>2<\/sub>O system and enhanced catalytic reduction of 4-nitrophenol<\/strong><\/p>\n<p style=\"text-align: center;\"><img loading=\"lazy\" decoding=\"async\" class=\"aligncenter size-full wp-image-1488\" src=\"https:\/\/biointerfaceresearch.com\/wp-content\/uploads\/2016\/07\/2069583764334337.png\" alt=\"\" width=\"550\" height=\"350\" srcset=\"https:\/\/biointerfaceresearch.com\/wp-content\/uploads\/2016\/07\/2069583764334337.png 550w, https:\/\/biointerfaceresearch.com\/wp-content\/uploads\/2016\/07\/2069583764334337-300x191.png 300w\" sizes=\"auto, (max-width: 550px) 100vw, 550px\" \/><\/p>\n<p style=\"text-align: right;\"><em><strong><a  data-e-Disable-Page-Transition=\"true\" class=\"download-link\" title=\"\" href=\"https:\/\/biointerfaceresearch.com?download=1489&amp;tmstv=1777104005\" rel=\"nofollow\" id=\"download-link-1489\" data-redirect=\"false\" >\n\tDownload Article\t(17470 downloads\t)\n<\/a>\n<\/strong><\/em><\/p>\n<hr \/>\n<p style=\"text-align: justify;\">5)\u00a0Majid Ghashang:\u00a0<strong>Bi<sub>2<\/sub>O<sub>3<\/sub> nano-particles as an efficient catalyst for the multi-component, one-pot, aqueous media preparation of benzo[h]pyrano[3,2-c]chromene-2-carbonitriles and pyrano[3,2-g]chromene-7-carbonitriles<\/strong><\/p>\n<p style=\"text-align: center;\"><img loading=\"lazy\" decoding=\"async\" class=\"aligncenter size-full wp-image-1491\" src=\"https:\/\/biointerfaceresearch.com\/wp-content\/uploads\/2016\/07\/2069583764338344.png\" alt=\"\" width=\"550\" height=\"350\" srcset=\"https:\/\/biointerfaceresearch.com\/wp-content\/uploads\/2016\/07\/2069583764338344.png 550w, https:\/\/biointerfaceresearch.com\/wp-content\/uploads\/2016\/07\/2069583764338344-300x191.png 300w\" sizes=\"auto, (max-width: 550px) 100vw, 550px\" \/><\/p>\n<p style=\"text-align: right;\"><em><strong><a  data-e-Disable-Page-Transition=\"true\" class=\"download-link\" title=\"\" href=\"https:\/\/biointerfaceresearch.com?download=1492&amp;tmstv=1777104005\" rel=\"nofollow\" id=\"download-link-1492\" data-redirect=\"false\" >\n\tDownload Article\t(23890 downloads\t)\n<\/a>\n<\/strong><\/em><\/p>\n<hr \/>\n<p style=\"text-align: justify;\">6)\u00a0Ajeet, Anshu Dudhe, Arvind Kumar, Babita Aggarwal, Hina Chadha, Pawan Kumar Mishra, Seema Mahor Jain, Shefali Singh, Smriti Ojha Tripathi:\u00a0<strong>Synthesis, spectral characterization and anti-diabetic activity of sulfonamide derivatives<\/strong><\/p>\n<p style=\"text-align: justify;\"><img loading=\"lazy\" decoding=\"async\" class=\"aligncenter size-full wp-image-1519\" src=\"https:\/\/biointerfaceresearch.com\/wp-content\/uploads\/2016\/07\/2069583764345350.png\" alt=\"\" width=\"550\" height=\"350\" srcset=\"https:\/\/biointerfaceresearch.com\/wp-content\/uploads\/2016\/07\/2069583764345350.png 550w, https:\/\/biointerfaceresearch.com\/wp-content\/uploads\/2016\/07\/2069583764345350-300x191.png 300w\" sizes=\"auto, (max-width: 550px) 100vw, 550px\" \/><\/p>\n<p style=\"text-align: right;\"><em><strong><a  data-e-Disable-Page-Transition=\"true\" class=\"download-link\" title=\"\" href=\"https:\/\/biointerfaceresearch.com?download=1495&amp;tmstv=1777104005\" rel=\"nofollow\" id=\"download-link-1495\" data-redirect=\"false\" >\n\tDownload Article\t(18674 downloads\t)\n<\/a>\n<\/strong><\/em><\/p>\n<hr \/>\n<p style=\"text-align: justify;\">7)\u00a0Bilal Bilgin,\u00a0Harun Kus , Ibrahim Palabiyik, Binnur Kaptan:\u00a0<strong>Evaluation of human origin <em>Lactobacillus<\/em> isolates for the production of probiotic fermented milk<\/strong><\/p>\n<p style=\"text-align: center;\"><img loading=\"lazy\" decoding=\"async\" class=\"aligncenter size-full wp-image-1497\" src=\"https:\/\/biointerfaceresearch.com\/wp-content\/uploads\/2016\/07\/2069583764351355.png\" alt=\"\" width=\"550\" height=\"350\" srcset=\"https:\/\/biointerfaceresearch.com\/wp-content\/uploads\/2016\/07\/2069583764351355.png 550w, https:\/\/biointerfaceresearch.com\/wp-content\/uploads\/2016\/07\/2069583764351355-300x191.png 300w\" sizes=\"auto, (max-width: 550px) 100vw, 550px\" \/><\/p>\n<p style=\"text-align: right;\"><em><strong><a  data-e-Disable-Page-Transition=\"true\" class=\"download-link\" title=\"\" href=\"https:\/\/biointerfaceresearch.com?download=1498&amp;tmstv=1777104005\" rel=\"nofollow\" id=\"download-link-1498\" data-redirect=\"false\" >\n\tDownload Article\t(17219 downloads\t)\n<\/a>\n<\/strong><\/em><\/p>\n<hr \/>\n<p style=\"text-align: justify;\">8)\u00a0Imran Ali, Mohammad Nadeem Lone, Ming-Fa Hsieh:\u00a0<strong><em>N<\/em>-Substituted (substituted-5-benzylidine) thiazolidine-2,4-diones:Crystal structure,<em> In Silico<\/em>, DNA binding and anticancer studies<\/strong><\/p>\n<p style=\"text-align: center;\"><img loading=\"lazy\" decoding=\"async\" class=\"aligncenter size-full wp-image-1500\" src=\"https:\/\/biointerfaceresearch.com\/wp-content\/uploads\/2016\/07\/2069583764356379.png\" alt=\"\" width=\"550\" height=\"350\" srcset=\"https:\/\/biointerfaceresearch.com\/wp-content\/uploads\/2016\/07\/2069583764356379.png 550w, https:\/\/biointerfaceresearch.com\/wp-content\/uploads\/2016\/07\/2069583764356379-300x191.png 300w\" sizes=\"auto, (max-width: 550px) 100vw, 550px\" \/><\/p>\n<p style=\"text-align: right;\"><em><strong><a  data-e-Disable-Page-Transition=\"true\" class=\"download-link\" title=\"\" href=\"https:\/\/biointerfaceresearch.com?download=1501&amp;tmstv=1777104005\" rel=\"nofollow\" id=\"download-link-1501\" data-redirect=\"false\" >\n\tDownload Article\t(24076 downloads\t)\n<\/a>\n<\/strong><\/em><\/p>\n<hr \/>\n<p style=\"text-align: justify;\">9)\u00a0Patricia Khashayar, Ghassem Amoabediny, Bagher Larijani, Morteza Hosseini, Rik Verplancke, David Schaubroeck, Michel De Keersmaecker, Annemie Adriaens, Jan Vanfleteren:\u00a0<strong>Characterization of gold nanoparticle layer deposited on gold electrode by various techniques for improved sensing abilities<\/strong><\/p>\n<p style=\"text-align: center;\"><img loading=\"lazy\" decoding=\"async\" class=\"aligncenter size-full wp-image-1503\" src=\"https:\/\/biointerfaceresearch.com\/wp-content\/uploads\/2016\/07\/2069583764380390.png\" alt=\"\" width=\"550\" height=\"350\" srcset=\"https:\/\/biointerfaceresearch.com\/wp-content\/uploads\/2016\/07\/2069583764380390.png 550w, https:\/\/biointerfaceresearch.com\/wp-content\/uploads\/2016\/07\/2069583764380390-300x191.png 300w\" sizes=\"auto, (max-width: 550px) 100vw, 550px\" \/><\/p>\n<p style=\"text-align: right;\"><em><strong><a  data-e-Disable-Page-Transition=\"true\" class=\"download-link\" title=\"\" href=\"https:\/\/biointerfaceresearch.com?download=1504&amp;tmstv=1777104005\" rel=\"nofollow\" id=\"download-link-1504\" data-redirect=\"false\" >\n\tDownload Article\t(22530 downloads\t)\n<\/a>\n<\/strong><\/em><\/p>\n<hr \/>\n<p style=\"text-align: justify;\">10)\u00a0Wen Chiann Kerk,\u00a0Lee Suan Chua:\u00a0<strong>Sniffer bees as a good alternative for the current sniffing technology<\/strong><\/p>\n<p style=\"text-align: center;\"><img loading=\"lazy\" decoding=\"async\" class=\"aligncenter size-full wp-image-1506\" src=\"https:\/\/biointerfaceresearch.com\/wp-content\/uploads\/2016\/07\/2069583764391400.png\" alt=\"\" width=\"550\" height=\"350\" srcset=\"https:\/\/biointerfaceresearch.com\/wp-content\/uploads\/2016\/07\/2069583764391400.png 550w, https:\/\/biointerfaceresearch.com\/wp-content\/uploads\/2016\/07\/2069583764391400-300x191.png 300w\" sizes=\"auto, (max-width: 550px) 100vw, 550px\" \/><\/p>\n<p style=\"text-align: right;\"><em><strong><a  data-e-Disable-Page-Transition=\"true\" class=\"download-link\" title=\"\" href=\"https:\/\/biointerfaceresearch.com?download=1507&amp;tmstv=1777104005\" rel=\"nofollow\" id=\"download-link-1507\" data-redirect=\"false\" >\n\tDownload Article\t(18301 downloads\t)\n<\/a>\n<\/strong><\/em><\/p>\n<hr \/>\n<p style=\"text-align: justify;\">11)\u00a0Malek Taher Maghsoodlou, Amir Bagheri, Mojtaba Lashkari, Belgheis Adrom, Nourallah Hazeri, Razieh Doostmohammadi:\u00a0<strong>Catalytic comparison of maleic acid and fumaric acid as green catalysts for one-pot synthesis of 3,4,5-substituted furan-2(5<em>H<\/em>)-ones via a multicomponent approach<\/strong><\/p>\n<p style=\"text-align: center;\"><img loading=\"lazy\" decoding=\"async\" class=\"aligncenter size-full wp-image-1509\" src=\"https:\/\/biointerfaceresearch.com\/wp-content\/uploads\/2016\/07\/2069583764401405.png\" alt=\"\" width=\"550\" height=\"350\" srcset=\"https:\/\/biointerfaceresearch.com\/wp-content\/uploads\/2016\/07\/2069583764401405.png 550w, https:\/\/biointerfaceresearch.com\/wp-content\/uploads\/2016\/07\/2069583764401405-300x191.png 300w\" sizes=\"auto, (max-width: 550px) 100vw, 550px\" \/><\/p>\n<p style=\"text-align: right;\"><em><strong><a  data-e-Disable-Page-Transition=\"true\" class=\"download-link\" title=\"\" href=\"https:\/\/biointerfaceresearch.com?download=1510&amp;tmstv=1777104005\" rel=\"nofollow\" id=\"download-link-1510\" data-redirect=\"false\" >\n\tDownload Article\t(18302 downloads\t)\n<\/a>\n<\/strong><\/em><\/p>\n<hr \/>\n<p style=\"text-align: justify;\">12)\u00a0Belgheis Adrom, Nourallah Hazeri, Mojtaba Lashkari, Malek Taher Maghsoodlou:\u00a0<strong>A general and green chemistry approach for the synthesis of 2,4,6-triarylpyridines<\/strong><\/p>\n<p style=\"text-align: center;\"><img loading=\"lazy\" decoding=\"async\" class=\"aligncenter size-full wp-image-1512\" src=\"https:\/\/biointerfaceresearch.com\/wp-content\/uploads\/2016\/07\/2069583764406410.png\" alt=\"\" width=\"550\" height=\"350\" srcset=\"https:\/\/biointerfaceresearch.com\/wp-content\/uploads\/2016\/07\/2069583764406410.png 550w, https:\/\/biointerfaceresearch.com\/wp-content\/uploads\/2016\/07\/2069583764406410-300x191.png 300w\" sizes=\"auto, (max-width: 550px) 100vw, 550px\" \/><\/p>\n<p style=\"text-align: right;\"><em><strong><a  data-e-Disable-Page-Transition=\"true\" class=\"download-link\" title=\"\" href=\"https:\/\/biointerfaceresearch.com?download=1513&amp;tmstv=1777104005\" rel=\"nofollow\" id=\"download-link-1513\" data-redirect=\"false\" >\n\tDownload Article\t(17886 downloads\t)\n<\/a>\n<\/strong><\/em><\/p>\n<hr \/>\n<p style=\"text-align: justify;\">13)\u00a0M. Iranpour Mobarakeh, A. Saffar-Teluri, S.A. Hassanzadeh-Tabrizi:\u00a0<strong>A designed Al<sub>2<\/sub>O<sub>3<\/sub>-SiO<sub>2<\/sub>-MgO nanocomposite as a highly efficient adsorbent for removing of methyl orange from aqueous solution<\/strong><\/p>\n<p style=\"text-align: center;\"><img loading=\"lazy\" decoding=\"async\" class=\"aligncenter size-full wp-image-1515\" src=\"https:\/\/biointerfaceresearch.com\/wp-content\/uploads\/2016\/07\/2069583764411416.png\" alt=\"\" width=\"550\" height=\"350\" srcset=\"https:\/\/biointerfaceresearch.com\/wp-content\/uploads\/2016\/07\/2069583764411416.png 550w, https:\/\/biointerfaceresearch.com\/wp-content\/uploads\/2016\/07\/2069583764411416-300x191.png 300w\" sizes=\"auto, (max-width: 550px) 100vw, 550px\" \/><\/p>\n<p style=\"text-align: right;\"><em><strong><a  data-e-Disable-Page-Transition=\"true\" class=\"download-link\" title=\"\" href=\"https:\/\/biointerfaceresearch.com?download=1516&amp;tmstv=1777104005\" rel=\"nofollow\" id=\"download-link-1516\" data-redirect=\"false\" >\n\tDownload Article\t(17651 downloads\t)\n<\/a>\n<\/strong><\/em><\/p>\n<hr \/>\n<p style=\"text-align: justify;\">14)\u00a0Merve Deniz Kose, Oguz Bayraktar:\u00a0<strong>Encapsulation of lycopene using electrospraying method<\/strong><\/p>\n<p style=\"text-align: center;\"><img loading=\"lazy\" decoding=\"async\" class=\"aligncenter size-full wp-image-1521\" src=\"https:\/\/biointerfaceresearch.com\/wp-content\/uploads\/2016\/07\/2069583764417421.png\" alt=\"\" width=\"550\" height=\"350\" srcset=\"https:\/\/biointerfaceresearch.com\/wp-content\/uploads\/2016\/07\/2069583764417421.png 550w, https:\/\/biointerfaceresearch.com\/wp-content\/uploads\/2016\/07\/2069583764417421-300x191.png 300w\" sizes=\"auto, (max-width: 550px) 100vw, 550px\" \/><\/p>\n<p style=\"text-align: right;\"><em><strong><a  data-e-Disable-Page-Transition=\"true\" class=\"download-link\" title=\"\" href=\"https:\/\/biointerfaceresearch.com?download=1522&amp;tmstv=1777104005\" rel=\"nofollow\" id=\"download-link-1522\" data-redirect=\"false\" >\n\tDownload Article\t(18950 downloads\t)\n<\/a>\n<\/strong><\/em><\/p>\n<hr \/>\n<p style=\"text-align: justify;\">15)\u00a0Smriti Khanna, Chandrika B-Rao, Usha Ghosh, Zejah Rizvi, Komal Bajaj, Asha Kulkarni-Almeida, Rajiv Sharma:\u00a0<strong>Discriminating between active and inactive compounds using binding energy calculations \u2013 a case study<\/strong><\/p>\n<p style=\"text-align: center;\"><img loading=\"lazy\" decoding=\"async\" class=\"aligncenter size-full wp-image-1525\" src=\"https:\/\/biointerfaceresearch.com\/wp-content\/uploads\/2016\/07\/2069583764422427.png\" alt=\"\" width=\"550\" height=\"350\" srcset=\"https:\/\/biointerfaceresearch.com\/wp-content\/uploads\/2016\/07\/2069583764422427.png 550w, https:\/\/biointerfaceresearch.com\/wp-content\/uploads\/2016\/07\/2069583764422427-300x191.png 300w\" sizes=\"auto, (max-width: 550px) 100vw, 550px\" \/><\/p>\n<p style=\"text-align: right;\"><em><strong><a  data-e-Disable-Page-Transition=\"true\" class=\"download-link\" title=\"\" href=\"https:\/\/biointerfaceresearch.com?download=1526&amp;tmstv=1777104005\" rel=\"nofollow\" id=\"download-link-1526\" data-redirect=\"false\" >\n\tDownload Article\t(35818 downloads\t)\n<\/a>\n<\/strong><\/em><\/p>\n<hr \/>\n<p>16)\u00a0Radita Jivoinovici, Irina Gheorghe, Marcela Popa, Lumini\u021ba M\u0103ru\u021bescu, Carmen Curutiu, Mariana Carmen Chifiriuc, Veronica Lazar, Ecaterina Ionescu, Ruxandra Bartok, Ileana Suciu, Mihaela Chirila, Ioana Suciu: <strong>Virulence profiles of microbial strains isolated from patients with periodontal lesions<\/strong><\/p>\n<p style=\"text-align: center;\">\u00a0<img loading=\"lazy\" decoding=\"async\" class=\"aligncenter size-full wp-image-1549\" src=\"https:\/\/biointerfaceresearch.com\/wp-content\/uploads\/2016\/07\/2069583764428431-1.png\" alt=\"\" width=\"550\" height=\"350\" srcset=\"https:\/\/biointerfaceresearch.com\/wp-content\/uploads\/2016\/07\/2069583764428431-1.png 550w, https:\/\/biointerfaceresearch.com\/wp-content\/uploads\/2016\/07\/2069583764428431-1-300x191.png 300w\" sizes=\"auto, (max-width: 550px) 100vw, 550px\" \/><\/p>\n<p style=\"text-align: right;\"><em><strong><a  data-e-Disable-Page-Transition=\"true\" class=\"download-link\" title=\"\" href=\"https:\/\/biointerfaceresearch.com?download=1547&amp;tmstv=1777104005\" rel=\"nofollow\" id=\"download-link-1547\" data-redirect=\"false\" >\n\tDownload Article\t(21577 downloads\t)\n<\/a>\n<\/strong><\/em><\/p>\n<hr \/>\n<p style=\"text-align: justify;\">17)\u00a0Alexandra Bolocan, Dan Nicolae P\u0103duraru, Alexandra Bouariu:\u00a0<strong>C-erbB-2 in gastric cancer: present and perspectives for new therapeutic approaches<\/strong><\/p>\n<p style=\"text-align: center;\"><img loading=\"lazy\" decoding=\"async\" class=\"aligncenter size-full wp-image-1553\" src=\"https:\/\/biointerfaceresearch.com\/wp-content\/uploads\/2016\/07\/2069583764432436.png\" alt=\"\" width=\"550\" height=\"350\" srcset=\"https:\/\/biointerfaceresearch.com\/wp-content\/uploads\/2016\/07\/2069583764432436.png 550w, https:\/\/biointerfaceresearch.com\/wp-content\/uploads\/2016\/07\/2069583764432436-300x191.png 300w\" sizes=\"auto, (max-width: 550px) 100vw, 550px\" \/><\/p>\n<p style=\"text-align: right;\"><em><strong><a  data-e-Disable-Page-Transition=\"true\" class=\"download-link\" title=\"\" href=\"https:\/\/biointerfaceresearch.com?download=1551&amp;tmstv=1777104005\" rel=\"nofollow\" id=\"download-link-1551\" data-redirect=\"false\" >\n\tDownload Article\t(18331 downloads\t)\n<\/a>\n<\/strong><\/em><\/p>\n<hr \/>\n<p style=\"text-align: justify;\">18)\u00a0Oguz Bayraktar, Evren Alt\u0131ok , \u00d6zg\u00fcr Y\u0131lmazer,\u00a0Dane Rus\u00e7uklu, Melda Y. Buyukoz:\u00a0<strong>Antioxidant, antimicrobial and cytotoxic activities of extracts from some selected mediterranean shrub species (Maquis)<\/strong><\/p>\n<p style=\"text-align: center;\"><img loading=\"lazy\" decoding=\"async\" class=\"aligncenter size-full wp-image-1555\" src=\"https:\/\/biointerfaceresearch.com\/wp-content\/uploads\/2016\/07\/2069583764437444.png\" alt=\"\" width=\"550\" height=\"350\" srcset=\"https:\/\/biointerfaceresearch.com\/wp-content\/uploads\/2016\/07\/2069583764437444.png 550w, https:\/\/biointerfaceresearch.com\/wp-content\/uploads\/2016\/07\/2069583764437444-300x191.png 300w\" sizes=\"auto, (max-width: 550px) 100vw, 550px\" \/><\/p>\n<p style=\"text-align: right;\"><em><strong><a  data-e-Disable-Page-Transition=\"true\" class=\"download-link\" title=\"\" href=\"https:\/\/biointerfaceresearch.com?download=1556&amp;tmstv=1777104005\" rel=\"nofollow\" id=\"download-link-1556\" data-redirect=\"false\" >\n\tDownload Article\t(18468 downloads\t)\n<\/a>\n<\/strong><\/em><\/p>\n<hr \/>\n","protected":false},"excerpt":{"rendered":"<p>Biointerface Res. Appl. Chem., Volume 6, Issue 4, 2016 (August 15th,\u00a0\u00a02016) 1)\u00a0Sakineh Rahmani, Mohammad Taghi Khorasani, Farzin Etemadi:\u00a0L929 Fibroblast cells response on plasma modified TPE polyurethanes surfaces: morphology study 2)\u00a0Semra Kirboga, Mualla \u00d6ner:\u00a0Synthesis of calcium carbonate in the presence of polymers under ultrasonic waves 3)\u00a0Nikoo Hosseini, Mohammad Aghamohammadi, Alireza Khajeh-Amiri:\u00a0A &hellip;<\/p>\n","protected":false},"author":1,"featured_media":0,"parent":1179,"menu_order":0,"comment_status":"closed","ping_status":"closed","template":"","meta":{"footnotes":""},"class_list":["post-1475","page","type-page","status-publish","hentry"],"_links":{"self":[{"href":"https:\/\/biointerfaceresearch.com\/index.php?rest_route=\/wp\/v2\/pages\/1475","targetHints":{"allow":["GET"]}}],"collection":[{"href":"https:\/\/biointerfaceresearch.com\/index.php?rest_route=\/wp\/v2\/pages"}],"about":[{"href":"https:\/\/biointerfaceresearch.com\/index.php?rest_route=\/wp\/v2\/types\/page"}],"author":[{"embeddable":true,"href":"https:\/\/biointerfaceresearch.com\/index.php?rest_route=\/wp\/v2\/users\/1"}],"replies":[{"embeddable":true,"href":"https:\/\/biointerfaceresearch.com\/index.php?rest_route=%2Fwp%2Fv2%2Fcomments&post=1475"}],"version-history":[{"count":0,"href":"https:\/\/biointerfaceresearch.com\/index.php?rest_route=\/wp\/v2\/pages\/1475\/revisions"}],"up":[{"embeddable":true,"href":"https:\/\/biointerfaceresearch.com\/index.php?rest_route=\/wp\/v2\/pages\/1179"}],"wp:attachment":[{"href":"https:\/\/biointerfaceresearch.com\/index.php?rest_route=%2Fwp%2Fv2%2Fmedia&parent=1475"}],"curies":[{"name":"wp","href":"https:\/\/api.w.org\/{rel}","templated":true}]}}