{"id":2084,"date":"2017-10-17T08:27:59","date_gmt":"2017-10-17T06:27:59","guid":{"rendered":"http:\/\/biointerfaceresearch.com\/?page_id=2084"},"modified":"2020-04-10T18:45:31","modified_gmt":"2020-04-10T16:45:31","slug":"issue-5","status":"publish","type":"page","link":"https:\/\/biointerfaceresearch.com\/?page_id=2084","title":{"rendered":"Issue 5"},"content":{"rendered":"<p>&nbsp;<\/p>\n<p style=\"text-align: center;\"><strong>Biointerface Res. Appl. Chem., Volume 7, Issue 5, 2017 (October 15th,\u00a0\u00a02017)<\/strong><\/p>\n<hr \/>\n<p>1) Amal El Sayeh F. Abou el Ela, Mona Mohamed El Khatib, Assil Najeeb AlAjmi: <strong>Development and evaluation of a novel griseofulvin floating drug delivery systems<\/strong><\/p>\n<p><img loading=\"lazy\" decoding=\"async\" class=\"aligncenter size-full wp-image-2108\" src=\"https:\/\/biointerfaceresearch.com\/wp-content\/uploads\/2014\/02\/1.png\" alt=\"\" width=\"550\" height=\"350\" srcset=\"https:\/\/biointerfaceresearch.com\/wp-content\/uploads\/2014\/02\/1.png 550w, https:\/\/biointerfaceresearch.com\/wp-content\/uploads\/2014\/02\/1-300x191.png 300w\" sizes=\"auto, (max-width: 550px) 100vw, 550px\" \/><\/p>\n<p style=\"text-align: right;\"><em><strong><a  data-e-Disable-Page-Transition=\"true\" class=\"download-link\" title=\"\" href=\"https:\/\/biointerfaceresearch.com?download=2089&amp;tmstv=1778106832\" rel=\"nofollow\" id=\"download-link-2089\" data-redirect=\"false\" >\n\tDownload Article\t(19143 downloads\t)\n<\/a>\n<\/strong><\/em><\/p>\n<hr \/>\n<p>2) Adeleh Nazemi, Mohammad Reza Mohammad Shafiee, Majid Ghashang: <strong>ZnO-CaO-MgO nanocomposite: efficient catalyst for the preparation of thieno[2,3-d]pyrimidin-4(3H)-one derivatives<\/strong><\/p>\n<p><img loading=\"lazy\" decoding=\"async\" class=\"aligncenter size-full wp-image-2107\" src=\"https:\/\/biointerfaceresearch.com\/wp-content\/uploads\/2014\/02\/2.png\" alt=\"\" width=\"550\" height=\"350\" srcset=\"https:\/\/biointerfaceresearch.com\/wp-content\/uploads\/2014\/02\/2.png 550w, https:\/\/biointerfaceresearch.com\/wp-content\/uploads\/2014\/02\/2-300x191.png 300w\" sizes=\"auto, (max-width: 550px) 100vw, 550px\" \/><\/p>\n<p style=\"text-align: right;\"><em><strong><a  data-e-Disable-Page-Transition=\"true\" class=\"download-link\" title=\"\" href=\"https:\/\/biointerfaceresearch.com?download=2091&amp;tmstv=1778106832\" rel=\"nofollow\" id=\"download-link-2091\" data-redirect=\"false\" >\n\tDownload Article\t(17793 downloads\t)\n<\/a>\n<\/strong><\/em><\/p>\n<hr \/>\n<p>3) Florica Marinescu, Mariana Carmen Chifiriuc, Lumini\u021ba M\u0103ru\u021bescu, Mihaela Ilie, Ioana Savin, Ana-Maria Anghel, Iuliana Marcu\u0219, Carmen Tociu, Ecaterina Marcu: <strong>Prevalence of heavy metal and antibiotic resistance in bacterial isolates from wastewater and receiving aquatic environments<\/strong><\/p>\n<p><img loading=\"lazy\" decoding=\"async\" class=\"aligncenter size-full wp-image-2105\" src=\"https:\/\/biointerfaceresearch.com\/wp-content\/uploads\/2014\/02\/3.png\" alt=\"\" width=\"550\" height=\"350\" srcset=\"https:\/\/biointerfaceresearch.com\/wp-content\/uploads\/2014\/02\/3.png 550w, https:\/\/biointerfaceresearch.com\/wp-content\/uploads\/2014\/02\/3-300x191.png 300w\" sizes=\"auto, (max-width: 550px) 100vw, 550px\" \/><\/p>\n<p style=\"text-align: right;\"><em><strong><a  data-e-Disable-Page-Transition=\"true\" class=\"download-link\" title=\"\" href=\"https:\/\/biointerfaceresearch.com?download=2093&amp;tmstv=1778106832\" rel=\"nofollow\" id=\"download-link-2093\" data-redirect=\"false\" >\n\tDownload Article\t(18149 downloads\t)\n<\/a>\n<\/strong><\/em><\/p>\n<hr \/>\n<p>4) Rosario Pignatello, Virginia Fuochi, Giulio Petronio Petronio, Antonio S. Greco, Pio Maria Furneri: <strong>Formulation and Characterization of Erythromycin\u2013loaded Solid Lipid Nanoparticles<\/strong><\/p>\n<p><img loading=\"lazy\" decoding=\"async\" class=\"aligncenter size-full wp-image-2104\" src=\"https:\/\/biointerfaceresearch.com\/wp-content\/uploads\/2014\/02\/4.png\" alt=\"\" width=\"550\" height=\"350\" srcset=\"https:\/\/biointerfaceresearch.com\/wp-content\/uploads\/2014\/02\/4.png 550w, https:\/\/biointerfaceresearch.com\/wp-content\/uploads\/2014\/02\/4-300x191.png 300w\" sizes=\"auto, (max-width: 550px) 100vw, 550px\" \/><\/p>\n<p style=\"text-align: right;\"><em><strong><a  data-e-Disable-Page-Transition=\"true\" class=\"download-link\" title=\"\" href=\"https:\/\/biointerfaceresearch.com?download=2095&amp;tmstv=1778106832\" rel=\"nofollow\" id=\"download-link-2095\" data-redirect=\"false\" >\n\tDownload Article\t(19101 downloads\t)\n<\/a>\n<\/strong><\/em><\/p>\n<hr \/>\n<p>5) Mojtaba Lashkari, Farzaneh Mohamadpour, Nourallah Hazeri, Reza Heydari:<strong> Clean and facile synthesis of 1<em>H<\/em>-pyrazolo [1, 2-b] phthalazine-5, 10-dione derivatives catalyzed by Neodymium (III) chloride hexahydrate as an efficient Lewis acidic catalyst under solvent-free conditions<\/strong><\/p>\n<p><img loading=\"lazy\" decoding=\"async\" class=\"aligncenter size-full wp-image-2103\" src=\"https:\/\/biointerfaceresearch.com\/wp-content\/uploads\/2014\/02\/5.png\" alt=\"\" width=\"550\" height=\"350\" srcset=\"https:\/\/biointerfaceresearch.com\/wp-content\/uploads\/2014\/02\/5.png 550w, https:\/\/biointerfaceresearch.com\/wp-content\/uploads\/2014\/02\/5-300x191.png 300w\" sizes=\"auto, (max-width: 550px) 100vw, 550px\" \/><\/p>\n<p style=\"text-align: right;\"><em><strong><a  data-e-Disable-Page-Transition=\"true\" class=\"download-link\" title=\"\" href=\"https:\/\/biointerfaceresearch.com?download=2097&amp;tmstv=1778106832\" rel=\"nofollow\" id=\"download-link-2097\" data-redirect=\"false\" >\n\tDownload Article\t(17634 downloads\t)\n<\/a>\n<\/strong><\/em><\/p>\n<hr \/>\n<p>6) Devirammanahalli Mahadevaswamy Lokeshwari, Vivek Hamse Kameshwar, Ajay Kumar Kariyappa: <strong>Synthesis of furan tethered 2-pyrazolines via 1,3-dipolar cycloaddition reactions: <em>In vitro<\/em> evaluation for their antioxidant and antimicrobial activities, molecular docking and ADMET studies<\/strong><\/p>\n<p><img loading=\"lazy\" decoding=\"async\" class=\"aligncenter size-full wp-image-2102\" src=\"https:\/\/biointerfaceresearch.com\/wp-content\/uploads\/2014\/02\/6.png\" alt=\"\" width=\"550\" height=\"350\" srcset=\"https:\/\/biointerfaceresearch.com\/wp-content\/uploads\/2014\/02\/6.png 550w, https:\/\/biointerfaceresearch.com\/wp-content\/uploads\/2014\/02\/6-300x191.png 300w\" sizes=\"auto, (max-width: 550px) 100vw, 550px\" \/><\/p>\n<p style=\"text-align: right;\"><em><strong><a  data-e-Disable-Page-Transition=\"true\" class=\"download-link\" title=\"\" href=\"https:\/\/biointerfaceresearch.com?download=2099&amp;tmstv=1778106832\" rel=\"nofollow\" id=\"download-link-2099\" data-redirect=\"false\" >\n\tDownload Article\t(17629 downloads\t)\n<\/a>\n<\/strong><\/em><\/p>\n<hr \/>\n<p>(7)\u00a0Mehdi Azadeh, Sayedali Mousavi, Majid Ghashang:\u00a0<strong>Photocatalytic degradation of phenol in aqueous media over BaAl<sub>2<\/sub>O<sub>4<\/sub>-SrO composite nanofibers<\/strong><\/p>\n<p><img loading=\"lazy\" decoding=\"async\" class=\"aligncenter size-full wp-image-2112\" src=\"https:\/\/biointerfaceresearch.com\/wp-content\/uploads\/2014\/02\/7.png\" alt=\"\" width=\"550\" height=\"350\" srcset=\"https:\/\/biointerfaceresearch.com\/wp-content\/uploads\/2014\/02\/7.png 550w, https:\/\/biointerfaceresearch.com\/wp-content\/uploads\/2014\/02\/7-300x191.png 300w\" sizes=\"auto, (max-width: 550px) 100vw, 550px\" \/><\/p>\n<p style=\"text-align: right;\"><em><strong><a  data-e-Disable-Page-Transition=\"true\" class=\"download-link\" title=\"\" href=\"https:\/\/biointerfaceresearch.com?download=2110&amp;tmstv=1778106832\" rel=\"nofollow\" id=\"download-link-2110\" data-redirect=\"false\" >\n\tDownload Article\t(18442 downloads\t)\n<\/a>\n<\/strong><\/em><\/p>\n<hr \/>\n<p>(8)\u00a0Mohammad Reza Mohammad Shafiee, Mahboubeh Kargar:\u00a0<strong>Synthesis of 3,4,5-substituted furan-2(5H)-ones using ZnO nanostructure as an efficient catalyst<\/strong><\/p>\n<p><img loading=\"lazy\" decoding=\"async\" class=\"aligncenter size-full wp-image-2113\" src=\"https:\/\/biointerfaceresearch.com\/wp-content\/uploads\/2014\/02\/8.png\" alt=\"\" width=\"550\" height=\"350\" srcset=\"https:\/\/biointerfaceresearch.com\/wp-content\/uploads\/2014\/02\/8.png 550w, https:\/\/biointerfaceresearch.com\/wp-content\/uploads\/2014\/02\/8-300x191.png 300w\" sizes=\"auto, (max-width: 550px) 100vw, 550px\" \/><\/p>\n<p style=\"text-align: right;\"><em><strong><a  data-e-Disable-Page-Transition=\"true\" class=\"download-link\" title=\"\" href=\"https:\/\/biointerfaceresearch.com?download=2114&amp;tmstv=1778106832\" rel=\"nofollow\" id=\"download-link-2114\" data-redirect=\"false\" >\n\tDownload Article\t(17374 downloads\t)\n<\/a>\n<\/strong><\/em><\/p>\n<hr \/>\n<p>(9)\u00a0Nasir Javed, Waqas Khalid, Javeed Akhtar, M. Zafar Iqbal:\u00a0<strong>Facile Synthesis of Carbon Dots and Photo-induced Detections of Ni Ions<\/strong><\/p>\n<p><img loading=\"lazy\" decoding=\"async\" class=\"aligncenter size-full wp-image-2128\" src=\"https:\/\/biointerfaceresearch.com\/wp-content\/uploads\/2014\/02\/9.png\" alt=\"\" width=\"550\" height=\"350\" srcset=\"https:\/\/biointerfaceresearch.com\/wp-content\/uploads\/2014\/02\/9.png 550w, https:\/\/biointerfaceresearch.com\/wp-content\/uploads\/2014\/02\/9-300x191.png 300w\" sizes=\"auto, (max-width: 550px) 100vw, 550px\" \/><\/p>\n<p style=\"text-align: right;\"><em><strong><a  data-e-Disable-Page-Transition=\"true\" class=\"download-link\" title=\"\" href=\"https:\/\/biointerfaceresearch.com?download=2129&amp;tmstv=1778106832\" rel=\"nofollow\" id=\"download-link-2129\" data-redirect=\"false\" >\n\tDownload Article\t(17816 downloads\t)\n<\/a>\n<\/strong><\/em><\/p>\n<hr \/>\n<p>(10)\u00a0Hau-Heredia Lenin, Figueroa-Valverde Lauro, L\u00f3pez-Ramos Maria, Rosas-Nexticapa Marcela, Herrera-Meza Socorro, Mateu-Armad Virginia, D\u00edaz-Cedillo Francisco, Garc\u00eda-Cervera Elodia, Pool-G\u00f3mez Eduardo, Pat-Estrella Josefa, Cauich-Carrillo Regina:\u00a0<strong>Antibacterial activity exerted by some diazabicyclo-steroid derivatives against <em>Staphylococcus aureus<\/em> and <em>Streptococcus pneumoniae<\/em>. Theoretical analysis of its interaction with the DNA-gyrase<\/strong><\/p>\n<p><img loading=\"lazy\" decoding=\"async\" class=\"aligncenter size-full wp-image-2131\" src=\"https:\/\/biointerfaceresearch.com\/wp-content\/uploads\/2014\/02\/10.png\" alt=\"\" width=\"550\" height=\"350\" srcset=\"https:\/\/biointerfaceresearch.com\/wp-content\/uploads\/2014\/02\/10.png 550w, https:\/\/biointerfaceresearch.com\/wp-content\/uploads\/2014\/02\/10-300x191.png 300w\" sizes=\"auto, (max-width: 550px) 100vw, 550px\" \/><\/p>\n<p style=\"text-align: right;\"><em><strong><a  data-e-Disable-Page-Transition=\"true\" class=\"download-link\" title=\"\" href=\"https:\/\/biointerfaceresearch.com?download=2132&amp;tmstv=1778106832\" rel=\"nofollow\" id=\"download-link-2132\" data-redirect=\"false\" >\n\tDownload Article\t(17923 downloads\t)\n<\/a>\n<\/strong><\/em><\/p>\n<hr \/>\n<p>&nbsp;<\/p>\n","protected":false},"excerpt":{"rendered":"<p>&nbsp; Biointerface Res. Appl. Chem., Volume 7, Issue 5, 2017 (October 15th,\u00a0\u00a02017) 1) Amal El Sayeh F. Abou el Ela, Mona Mohamed El Khatib, Assil Najeeb AlAjmi: Development and evaluation of a novel griseofulvin floating drug delivery systems 2) Adeleh Nazemi, Mohammad Reza Mohammad Shafiee, Majid Ghashang: ZnO-CaO-MgO nanocomposite: efficient &hellip;<\/p>\n","protected":false},"author":1,"featured_media":0,"parent":1883,"menu_order":0,"comment_status":"closed","ping_status":"closed","template":"","meta":{"footnotes":""},"class_list":["post-2084","page","type-page","status-publish","hentry"],"_links":{"self":[{"href":"https:\/\/biointerfaceresearch.com\/index.php?rest_route=\/wp\/v2\/pages\/2084","targetHints":{"allow":["GET"]}}],"collection":[{"href":"https:\/\/biointerfaceresearch.com\/index.php?rest_route=\/wp\/v2\/pages"}],"about":[{"href":"https:\/\/biointerfaceresearch.com\/index.php?rest_route=\/wp\/v2\/types\/page"}],"author":[{"embeddable":true,"href":"https:\/\/biointerfaceresearch.com\/index.php?rest_route=\/wp\/v2\/users\/1"}],"replies":[{"embeddable":true,"href":"https:\/\/biointerfaceresearch.com\/index.php?rest_route=%2Fwp%2Fv2%2Fcomments&post=2084"}],"version-history":[{"count":0,"href":"https:\/\/biointerfaceresearch.com\/index.php?rest_route=\/wp\/v2\/pages\/2084\/revisions"}],"up":[{"embeddable":true,"href":"https:\/\/biointerfaceresearch.com\/index.php?rest_route=\/wp\/v2\/pages\/1883"}],"wp:attachment":[{"href":"https:\/\/biointerfaceresearch.com\/index.php?rest_route=%2Fwp%2Fv2%2Fmedia&parent=2084"}],"curies":[{"name":"wp","href":"https:\/\/api.w.org\/{rel}","templated":true}]}}