{"id":2258,"date":"2018-04-15T13:16:59","date_gmt":"2018-04-15T11:16:59","guid":{"rendered":"http:\/\/biointerfaceresearch.com\/?page_id=2258"},"modified":"2020-04-10T18:45:43","modified_gmt":"2020-04-10T16:45:43","slug":"issue-1","status":"publish","type":"page","link":"https:\/\/biointerfaceresearch.com\/?page_id=2258","title":{"rendered":"Issue 1"},"content":{"rendered":"<hr \/>\n<p style=\"text-align: center;\"><strong>Biointerface Res. Appl. Chem., Volume 8, Issue 1, 2018 (February 15th,\u00a0\u00a02018)<\/strong><\/p>\n<hr \/>\n<p>1) Alexandru Mihai Grumezescu: <strong>Editorial<\/strong><\/p>\n<p style=\"text-align: right;\"><em><strong>\u00a0<a  data-e-Disable-Page-Transition=\"true\" class=\"download-link\" title=\"\" href=\"https:\/\/biointerfaceresearch.com?download=2233&amp;tmstv=1777708080\" rel=\"nofollow\" id=\"download-link-2233\" data-redirect=\"false\" >\n\tDownload Editorial\t(24200 downloads\t)\n<\/a>\n<\/strong><\/em><\/p>\n<hr \/>\n<p>2)\u00a0Safia Miloudi, Messaoud Chaib, Moulkheir Ayat, Abdelkader Rahmouni:\u00a0<strong>Poly (para-acid phenol-D-Glucose): resin for the removal of fecal coliforms and <em>Escherichia coli<\/em><\/strong><\/p>\n<p style=\"text-align: center;\"><img loading=\"lazy\" decoding=\"async\" class=\"aligncenter size-full wp-image-2236\" src=\"https:\/\/biointerfaceresearch.com\/wp-content\/uploads\/2018\/02\/1.png\" alt=\"\" width=\"550\" height=\"350\" srcset=\"https:\/\/biointerfaceresearch.com\/wp-content\/uploads\/2018\/02\/1.png 550w, https:\/\/biointerfaceresearch.com\/wp-content\/uploads\/2018\/02\/1-300x191.png 300w\" sizes=\"auto, (max-width: 550px) 100vw, 550px\" \/><\/p>\n<p style=\"text-align: right;\"><em><strong><a  data-e-Disable-Page-Transition=\"true\" class=\"download-link\" title=\"\" href=\"https:\/\/biointerfaceresearch.com?download=2196&amp;tmstv=1777708080\" rel=\"nofollow\" id=\"download-link-2196\" data-redirect=\"false\" >\n\tDownload Article\t(25363 downloads\t)\n<\/a>\n<\/strong><\/em><\/p>\n<hr \/>\n<p>3)\u00a0Masoumeh Gholami Dehbalaei, Naser Foroughifar, Hoda Pasdar:\u00a0<strong>Facile green one\u2010pot synthesis of pyrano [2, 3-c] pyrazole and 1, 8-dioxo-decahydroacridine derivatives using graphene oxide as a carbocatalyst and their biological evaluation as potent antibacterial agents<\/strong><\/p>\n<p style=\"text-align: center;\"><img loading=\"lazy\" decoding=\"async\" class=\"aligncenter size-full wp-image-2237\" src=\"https:\/\/biointerfaceresearch.com\/wp-content\/uploads\/2018\/02\/2.png\" alt=\"\" width=\"550\" height=\"350\" srcset=\"https:\/\/biointerfaceresearch.com\/wp-content\/uploads\/2018\/02\/2.png 550w, https:\/\/biointerfaceresearch.com\/wp-content\/uploads\/2018\/02\/2-300x191.png 300w\" sizes=\"auto, (max-width: 550px) 100vw, 550px\" \/><\/p>\n<p style=\"text-align: right;\"><em><strong><a  data-e-Disable-Page-Transition=\"true\" class=\"download-link\" title=\"\" href=\"https:\/\/biointerfaceresearch.com?download=2198&amp;tmstv=1777708080\" rel=\"nofollow\" id=\"download-link-2198\" data-redirect=\"false\" >\n\tDownload Article\t(25403 downloads\t)\n<\/a>\n<\/strong><\/em><\/p>\n<hr \/>\n<p>4)\u00a0Divya Zindani, Kaushik Kumar:\u00a0<strong>3D printing of biomaterials: a review<\/strong><\/p>\n<p style=\"text-align: center;\"><img loading=\"lazy\" decoding=\"async\" class=\"aligncenter size-full wp-image-1642\" src=\"https:\/\/biointerfaceresearch.com\/wp-content\/uploads\/2014\/02\/2069583765511516.png\" alt=\"\" width=\"550\" height=\"350\" srcset=\"https:\/\/biointerfaceresearch.com\/wp-content\/uploads\/2014\/02\/2069583765511516.png 550w, https:\/\/biointerfaceresearch.com\/wp-content\/uploads\/2014\/02\/2069583765511516-300x191.png 300w\" sizes=\"auto, (max-width: 550px) 100vw, 550px\" \/><\/p>\n<p style=\"text-align: right;\"><em><strong><a  data-e-Disable-Page-Transition=\"true\" class=\"download-link\" title=\"\" href=\"https:\/\/biointerfaceresearch.com?download=2200&amp;tmstv=1777708080\" rel=\"nofollow\" id=\"download-link-2200\" data-redirect=\"false\" >\n\tDownload Article\t(25500 downloads\t)\n<\/a>\n<\/strong><\/em><\/p>\n<hr \/>\n<p>5)\u00a0Farida A Ali, Roshni Mishra, Dilip Kumar Mishra, Sushanta K Kamilla, Ch.V. V. Ramana, Gouranga Bose:\u00a0<strong>Simulation and performance analysis of n-ZnO\/p -GaSb heterojunction device<\/strong><\/p>\n<p style=\"text-align: center;\"><img loading=\"lazy\" decoding=\"async\" class=\"aligncenter size-full wp-image-2238\" src=\"https:\/\/biointerfaceresearch.com\/wp-content\/uploads\/2018\/02\/4.png\" alt=\"\" width=\"550\" height=\"350\" srcset=\"https:\/\/biointerfaceresearch.com\/wp-content\/uploads\/2018\/02\/4.png 550w, https:\/\/biointerfaceresearch.com\/wp-content\/uploads\/2018\/02\/4-300x191.png 300w\" sizes=\"auto, (max-width: 550px) 100vw, 550px\" \/><\/p>\n<p style=\"text-align: right;\"><em><strong><a  data-e-Disable-Page-Transition=\"true\" class=\"download-link\" title=\"\" href=\"https:\/\/biointerfaceresearch.com?download=2202&amp;tmstv=1777708080\" rel=\"nofollow\" id=\"download-link-2202\" data-redirect=\"false\" >\n\tDownload Article\t(24987 downloads\t)\n<\/a>\n<\/strong><\/em><\/p>\n<hr \/>\n<p>6)\u00a0Salma Padilla-Monroy, Elena Mart\u00ednez-Klimova, Teresa Ram\u00edrez-\u00c1pan, Antonio Nieto-Camacho, Jos\u00e9 Calder\u00f3n-Pardo, Marcos Mart\u00ednez-Garc\u00eda:\u00a0<strong>Porphyrin conjugates of Ibuprofen and their antiproliferative activity against human prostate and breast cancer cells<\/strong><\/p>\n<p style=\"text-align: center;\"><img loading=\"lazy\" decoding=\"async\" class=\"aligncenter size-full wp-image-2239\" src=\"https:\/\/biointerfaceresearch.com\/wp-content\/uploads\/2018\/02\/5.png\" alt=\"\" width=\"550\" height=\"350\" srcset=\"https:\/\/biointerfaceresearch.com\/wp-content\/uploads\/2018\/02\/5.png 550w, https:\/\/biointerfaceresearch.com\/wp-content\/uploads\/2018\/02\/5-300x191.png 300w\" sizes=\"auto, (max-width: 550px) 100vw, 550px\" \/><\/p>\n<p style=\"text-align: right;\"><em><strong><a  data-e-Disable-Page-Transition=\"true\" class=\"download-link\" title=\"\" href=\"https:\/\/biointerfaceresearch.com?download=2204&amp;tmstv=1777708080\" rel=\"nofollow\" id=\"download-link-2204\" data-redirect=\"false\" >\n\tDownload Article\t(26005 downloads\t)\n<\/a>\n<\/strong><\/em><\/p>\n<hr \/>\n<p>7)\u00a0Majid Naghibzadeh, Saman Firoozi, Fatemeh sadeghian nodoushan, Mohsen Adabi, Arezoo Khoradmehr, Farzaneh Fesahat, Seyedeh Sara Esnaashari, Masood Khosravani, Mahdi Adabi, Shima Tavakol, Hamidreza Pazoki-Toroudi, Moein Adel, Masoumeh Zahmatkeshan:\u00a0<strong>Application of electrospun gelatin nanofibers in tissue engineering<\/strong><\/p>\n<p style=\"text-align: center;\"><img loading=\"lazy\" decoding=\"async\" class=\"aligncenter size-full wp-image-2240\" src=\"https:\/\/biointerfaceresearch.com\/wp-content\/uploads\/2018\/02\/6.png\" alt=\"\" width=\"550\" height=\"350\" srcset=\"https:\/\/biointerfaceresearch.com\/wp-content\/uploads\/2018\/02\/6.png 550w, https:\/\/biointerfaceresearch.com\/wp-content\/uploads\/2018\/02\/6-300x191.png 300w\" sizes=\"auto, (max-width: 550px) 100vw, 550px\" \/><\/p>\n<p style=\"text-align: right;\"><em><strong><a  data-e-Disable-Page-Transition=\"true\" class=\"download-link\" title=\"\" href=\"https:\/\/biointerfaceresearch.com?download=2206&amp;tmstv=1777708080\" rel=\"nofollow\" id=\"download-link-2206\" data-redirect=\"false\" >\n\tDownload Article\t(24655 downloads\t)\n<\/a>\n<\/strong><\/em><\/p>\n<hr \/>\n<p>8)\u00a0Evgenia Vasileva-Tonkova, Peter Grozdanov, Ivanka Nikolova, Desislava Staneva, Paula Bosch, Sandra Medel, Ivo Grabchev:\u00a0<strong>Evaluation of antimicrobial, biofilm inhibitory and cytotoxic activities of a new hiperbranched polymer modified with 1,8-naphthalimide units<\/strong><\/p>\n<p style=\"text-align: center;\"><img loading=\"lazy\" decoding=\"async\" class=\"aligncenter size-full wp-image-2241\" src=\"https:\/\/biointerfaceresearch.com\/wp-content\/uploads\/2018\/02\/7.png\" alt=\"\" width=\"550\" height=\"350\" srcset=\"https:\/\/biointerfaceresearch.com\/wp-content\/uploads\/2018\/02\/7.png 550w, https:\/\/biointerfaceresearch.com\/wp-content\/uploads\/2018\/02\/7-300x191.png 300w\" sizes=\"auto, (max-width: 550px) 100vw, 550px\" \/><\/p>\n<p style=\"text-align: right;\"><em><strong><a  data-e-Disable-Page-Transition=\"true\" class=\"download-link\" title=\"\" href=\"https:\/\/biointerfaceresearch.com?download=2208&amp;tmstv=1777708080\" rel=\"nofollow\" id=\"download-link-2208\" data-redirect=\"false\" >\n\tDownload Article\t(25008 downloads\t)\n<\/a>\n<\/strong><\/em><\/p>\n<hr \/>\n<p>9)\u00a0Qayyum Husain:\u00a0<strong>Carbon nanotubes mediated immobilized glucose oxidase biosensors as an effective and sensitive analytical tool<\/strong><\/p>\n<p style=\"text-align: center;\"><img loading=\"lazy\" decoding=\"async\" class=\"aligncenter size-full wp-image-1642\" src=\"https:\/\/biointerfaceresearch.com\/wp-content\/uploads\/2014\/02\/2069583765511516.png\" alt=\"\" width=\"550\" height=\"350\" srcset=\"https:\/\/biointerfaceresearch.com\/wp-content\/uploads\/2014\/02\/2069583765511516.png 550w, https:\/\/biointerfaceresearch.com\/wp-content\/uploads\/2014\/02\/2069583765511516-300x191.png 300w\" sizes=\"auto, (max-width: 550px) 100vw, 550px\" \/><\/p>\n<p style=\"text-align: right;\"><em><strong><a  data-e-Disable-Page-Transition=\"true\" class=\"download-link\" title=\"\" href=\"https:\/\/biointerfaceresearch.com?download=2210&amp;tmstv=1777708080\" rel=\"nofollow\" id=\"download-link-2210\" data-redirect=\"false\" >\n\tDownload Article\t(25876 downloads\t)\n<\/a>\n<\/strong><\/em><\/p>\n<hr \/>\n<p>10)\u00a0Roghayeh Salehi, Reza Rasoolzadeh:\u00a0<strong>Investigation of Capecitabine and 5-fluorouracil anticancer drugs structural properties and their interactions with single-walled carbon nanotube: insights from computational methods<\/strong><\/p>\n<p style=\"text-align: center;\"><img loading=\"lazy\" decoding=\"async\" class=\"aligncenter size-full wp-image-2242\" src=\"https:\/\/biointerfaceresearch.com\/wp-content\/uploads\/2018\/02\/9.png\" alt=\"\" width=\"550\" height=\"350\" srcset=\"https:\/\/biointerfaceresearch.com\/wp-content\/uploads\/2018\/02\/9.png 550w, https:\/\/biointerfaceresearch.com\/wp-content\/uploads\/2018\/02\/9-300x191.png 300w\" sizes=\"auto, (max-width: 550px) 100vw, 550px\" \/><\/p>\n<p style=\"text-align: right;\"><em><strong><a  data-e-Disable-Page-Transition=\"true\" class=\"download-link\" title=\"\" href=\"https:\/\/biointerfaceresearch.com?download=2212&amp;tmstv=1777708080\" rel=\"nofollow\" id=\"download-link-2212\" data-redirect=\"false\" >\n\tDownload Article\t(26196 downloads\t)\n<\/a>\n<\/strong><\/em><\/p>\n<hr \/>\n<p>11)\u00a0Victoria Tamara Perchyonok:\u00a0<strong>Copazan Herbal gel and wound healing <em>in vitro<\/em>: assessment of the functional biomaterial for veterinary application<\/strong><\/p>\n<p style=\"text-align: center;\"><img loading=\"lazy\" decoding=\"async\" class=\"aligncenter size-full wp-image-2243\" src=\"https:\/\/biointerfaceresearch.com\/wp-content\/uploads\/2018\/02\/10.png\" alt=\"\" width=\"550\" height=\"350\" srcset=\"https:\/\/biointerfaceresearch.com\/wp-content\/uploads\/2018\/02\/10.png 550w, https:\/\/biointerfaceresearch.com\/wp-content\/uploads\/2018\/02\/10-300x191.png 300w\" sizes=\"auto, (max-width: 550px) 100vw, 550px\" \/><\/p>\n<p style=\"text-align: right;\"><em><strong><a  data-e-Disable-Page-Transition=\"true\" class=\"download-link\" title=\"\" href=\"https:\/\/biointerfaceresearch.com?download=2214&amp;tmstv=1777708080\" rel=\"nofollow\" id=\"download-link-2214\" data-redirect=\"false\" >\n\tDownload Article\t(24638 downloads\t)\n<\/a>\n<\/strong><\/em><\/p>\n<hr \/>\n<p>12)\u00a0B. Swapna, G. Kiran, B. Vasudha, J. Rajendra Kumar:\u00a0<strong>Stability indicating RP-HPLC method for simultaneous estimation of Betamethasone dipropionate and Calcipotriene in bulk and pharmaceutical dosage form<\/strong><\/p>\n<p style=\"text-align: center;\"><img loading=\"lazy\" decoding=\"async\" class=\"aligncenter size-full wp-image-2244\" src=\"https:\/\/biointerfaceresearch.com\/wp-content\/uploads\/2018\/02\/11.png\" alt=\"\" width=\"550\" height=\"350\" srcset=\"https:\/\/biointerfaceresearch.com\/wp-content\/uploads\/2018\/02\/11.png 550w, https:\/\/biointerfaceresearch.com\/wp-content\/uploads\/2018\/02\/11-300x191.png 300w\" sizes=\"auto, (max-width: 550px) 100vw, 550px\" \/><\/p>\n<p style=\"text-align: right;\"><em><strong><a  data-e-Disable-Page-Transition=\"true\" class=\"download-link\" title=\"\" href=\"https:\/\/biointerfaceresearch.com?download=2216&amp;tmstv=1777708080\" rel=\"nofollow\" id=\"download-link-2216\" data-redirect=\"false\" >\n\tDownload Article\t(24963 downloads\t)\n<\/a>\n<\/strong><\/em><\/p>\n<hr \/>\n<p>13)\u00a0N.A. Samoilova, M.A. Krayukhina, D.A. Popov \u00a0N.M. Anuchina,\u00a0\u00a0V.E. Piskarev:\u00a0<strong>3\u2019- Sialyllactose-decorated Silver nanoparticles: lectin binding and bactericidal properties<\/strong><\/p>\n<p style=\"text-align: center;\"><img loading=\"lazy\" decoding=\"async\" class=\"aligncenter size-full wp-image-2245\" src=\"https:\/\/biointerfaceresearch.com\/wp-content\/uploads\/2018\/02\/12.png\" alt=\"\" width=\"550\" height=\"350\" srcset=\"https:\/\/biointerfaceresearch.com\/wp-content\/uploads\/2018\/02\/12.png 550w, https:\/\/biointerfaceresearch.com\/wp-content\/uploads\/2018\/02\/12-300x191.png 300w\" sizes=\"auto, (max-width: 550px) 100vw, 550px\" \/><\/p>\n<p style=\"text-align: right;\"><em><strong><a  data-e-Disable-Page-Transition=\"true\" class=\"download-link\" title=\"\" href=\"https:\/\/biointerfaceresearch.com?download=2218&amp;tmstv=1777708080\" rel=\"nofollow\" id=\"download-link-2218\" data-redirect=\"false\" >\n\tDownload Article\t(24790 downloads\t)\n<\/a>\n<\/strong><\/em><\/p>\n<hr \/>\n<p>14)\u00a0Neetu Sharma, Kanika Phutela, Abhishek Goel, Sajeev Soni, Navneet Batra:\u00a0<strong>Exploring the bacterial based silver nanoparticle for their possible application as disinfectants<\/strong><\/p>\n<p style=\"text-align: center;\"><img loading=\"lazy\" decoding=\"async\" class=\"aligncenter size-full wp-image-2246\" src=\"https:\/\/biointerfaceresearch.com\/wp-content\/uploads\/2018\/02\/13.png\" alt=\"\" width=\"550\" height=\"350\" srcset=\"https:\/\/biointerfaceresearch.com\/wp-content\/uploads\/2018\/02\/13.png 550w, https:\/\/biointerfaceresearch.com\/wp-content\/uploads\/2018\/02\/13-300x191.png 300w\" sizes=\"auto, (max-width: 550px) 100vw, 550px\" \/><\/p>\n<p style=\"text-align: right;\"><em><strong><a  data-e-Disable-Page-Transition=\"true\" class=\"download-link\" title=\"\" href=\"https:\/\/biointerfaceresearch.com?download=2225&amp;tmstv=1777708080\" rel=\"nofollow\" id=\"download-link-2225\" data-redirect=\"false\" >\n\tDownload Article\t(24968 downloads\t)\n<\/a>\n<\/strong><\/em><\/p>\n<hr \/>\n<p>15)\u00a0Roya Dastjerdi, Shiva Bahrizadeh:\u00a0<strong>Polysiloxane-shield nano-patterned nanolayers: multi-component nano-reactors for photocatalytic purification<\/strong><\/p>\n<p style=\"text-align: center;\"><img loading=\"lazy\" decoding=\"async\" class=\"aligncenter size-full wp-image-2247\" src=\"https:\/\/biointerfaceresearch.com\/wp-content\/uploads\/2018\/02\/14.png\" alt=\"\" width=\"550\" height=\"350\" srcset=\"https:\/\/biointerfaceresearch.com\/wp-content\/uploads\/2018\/02\/14.png 550w, https:\/\/biointerfaceresearch.com\/wp-content\/uploads\/2018\/02\/14-300x191.png 300w\" sizes=\"auto, (max-width: 550px) 100vw, 550px\" \/><\/p>\n<p style=\"text-align: right;\"><em><strong><a  data-e-Disable-Page-Transition=\"true\" class=\"download-link\" title=\"\" href=\"https:\/\/biointerfaceresearch.com?download=2227&amp;tmstv=1777708080\" rel=\"nofollow\" id=\"download-link-2227\" data-redirect=\"false\" >\n\tDownload Article\t(25594 downloads\t)\n<\/a>\n<\/strong><\/em><\/p>\n<hr \/>\n<p>16)\u00a0Anuradha Goswami, Jia-Qian Jiang:\u00a0<strong>Simultaneous quantification of Gabapentin, Sulfamethoxazole, Terbutryn, Terbuthylazine and Diuron by UV-Vis Spectrophotometer<\/strong><\/p>\n<p style=\"text-align: center;\"><img loading=\"lazy\" decoding=\"async\" class=\"aligncenter size-full wp-image-2248\" src=\"https:\/\/biointerfaceresearch.com\/wp-content\/uploads\/2018\/02\/15.png\" alt=\"\" width=\"550\" height=\"350\" srcset=\"https:\/\/biointerfaceresearch.com\/wp-content\/uploads\/2018\/02\/15.png 550w, https:\/\/biointerfaceresearch.com\/wp-content\/uploads\/2018\/02\/15-300x191.png 300w\" sizes=\"auto, (max-width: 550px) 100vw, 550px\" \/><\/p>\n<p style=\"text-align: right;\"><em><strong><a  data-e-Disable-Page-Transition=\"true\" class=\"download-link\" title=\"\" href=\"https:\/\/biointerfaceresearch.com?download=2230&amp;tmstv=1777708080\" rel=\"nofollow\" id=\"download-link-2230\" data-redirect=\"false\" >\n\tDownload Article\t(25603 downloads\t)\n<\/a>\n<\/strong><\/em><\/p>\n<hr \/>\n<p style=\"text-align: left;\">\n","protected":false},"excerpt":{"rendered":"<p>Biointerface Res. Appl. Chem., Volume 8, Issue 1, 2018 (February 15th,\u00a0\u00a02018) 1) Alexandru Mihai Grumezescu: Editorial \u00a0 2)\u00a0Safia Miloudi, Messaoud Chaib, Moulkheir Ayat, Abdelkader Rahmouni:\u00a0Poly (para-acid phenol-D-Glucose): resin for the removal of fecal coliforms and Escherichia coli 3)\u00a0Masoumeh Gholami Dehbalaei, Naser Foroughifar, Hoda Pasdar:\u00a0Facile green one\u2010pot synthesis of pyrano [2, &hellip;<\/p>\n","protected":false},"author":1,"featured_media":0,"parent":2256,"menu_order":0,"comment_status":"closed","ping_status":"closed","template":"","meta":{"footnotes":""},"class_list":["post-2258","page","type-page","status-publish","hentry"],"_links":{"self":[{"href":"https:\/\/biointerfaceresearch.com\/index.php?rest_route=\/wp\/v2\/pages\/2258","targetHints":{"allow":["GET"]}}],"collection":[{"href":"https:\/\/biointerfaceresearch.com\/index.php?rest_route=\/wp\/v2\/pages"}],"about":[{"href":"https:\/\/biointerfaceresearch.com\/index.php?rest_route=\/wp\/v2\/types\/page"}],"author":[{"embeddable":true,"href":"https:\/\/biointerfaceresearch.com\/index.php?rest_route=\/wp\/v2\/users\/1"}],"replies":[{"embeddable":true,"href":"https:\/\/biointerfaceresearch.com\/index.php?rest_route=%2Fwp%2Fv2%2Fcomments&post=2258"}],"version-history":[{"count":0,"href":"https:\/\/biointerfaceresearch.com\/index.php?rest_route=\/wp\/v2\/pages\/2258\/revisions"}],"up":[{"embeddable":true,"href":"https:\/\/biointerfaceresearch.com\/index.php?rest_route=\/wp\/v2\/pages\/2256"}],"wp:attachment":[{"href":"https:\/\/biointerfaceresearch.com\/index.php?rest_route=%2Fwp%2Fv2%2Fmedia&parent=2258"}],"curies":[{"name":"wp","href":"https:\/\/api.w.org\/{rel}","templated":true}]}}