{"id":2423,"date":"2018-08-15T19:09:05","date_gmt":"2018-08-15T17:09:05","guid":{"rendered":"http:\/\/biointerfaceresearch.com\/?page_id=2423"},"modified":"2020-04-10T18:46:10","modified_gmt":"2020-04-10T16:46:10","slug":"issue-4","status":"publish","type":"page","link":"https:\/\/biointerfaceresearch.com\/?page_id=2423","title":{"rendered":"Issue 4"},"content":{"rendered":"<p style=\"text-align: center;\"><strong>Biointerface Res. Appl. Chem., Volume 8, Issue 4, 2018 (August 15th,\u00a0\u00a02018)<\/strong><\/p>\n<hr \/>\n<p style=\"text-align: left;\">1) Sweetie Raju Kanatt, Anam Siddiqui, Surinder Pritamdas Chawla:\u00a0<strong>Antioxidant\/antimicrobial potential of <em>Emblica officinalis <\/em>Gaertn and its application as a natural additive for shelf life extension of minced chicken meat<\/strong><\/p>\n<p><strong><img loading=\"lazy\" decoding=\"async\" class=\"aligncenter size-full wp-image-2731\" src=\"https:\/\/biointerfaceresearch.com\/wp-content\/uploads\/2018\/12\/1-1.png\" alt=\"\" width=\"550\" height=\"350\" srcset=\"https:\/\/biointerfaceresearch.com\/wp-content\/uploads\/2018\/12\/1-1.png 550w, https:\/\/biointerfaceresearch.com\/wp-content\/uploads\/2018\/12\/1-1-300x191.png 300w\" sizes=\"auto, (max-width: 550px) 100vw, 550px\" \/><\/strong><\/p>\n<p style=\"text-align: right;\"><em><strong><a  data-e-Disable-Page-Transition=\"true\" class=\"download-link\" title=\"\" href=\"https:\/\/biointerfaceresearch.com?download=2429&amp;tmstv=1775923667\" rel=\"nofollow\" id=\"download-link-2429\" data-redirect=\"false\" >\n\tDownload Article\t(17106 downloads\t)\n<\/a>\n<\/strong><\/em><\/p>\n<hr \/>\n<p>2) Ramona Massoud, Kianoush Khosravi-Darani:\u00a0<strong>Production of synbiotic corn extract: application against diarrhea causing microorganisms<\/strong><\/p>\n<p><strong><img loading=\"lazy\" decoding=\"async\" class=\"aligncenter size-full wp-image-2732\" src=\"https:\/\/biointerfaceresearch.com\/wp-content\/uploads\/2018\/12\/2-2.png\" alt=\"\" width=\"550\" height=\"350\" srcset=\"https:\/\/biointerfaceresearch.com\/wp-content\/uploads\/2018\/12\/2-2.png 550w, https:\/\/biointerfaceresearch.com\/wp-content\/uploads\/2018\/12\/2-2-300x191.png 300w\" sizes=\"auto, (max-width: 550px) 100vw, 550px\" \/><\/strong><\/p>\n<p style=\"text-align: right;\"><em><strong><a  data-e-Disable-Page-Transition=\"true\" class=\"download-link\" title=\"\" href=\"https:\/\/biointerfaceresearch.com?download=2431&amp;tmstv=1775923667\" rel=\"nofollow\" id=\"download-link-2431\" data-redirect=\"false\" >\n\tDownload Article\t(16633 downloads\t)\n<\/a>\n<\/strong><\/em><\/p>\n<hr \/>\n<p>3) Chien Mau Dang, Dung My Thi Dang, LE Thi Minh Chanh, Fatemeh Mollaamin, Majid Monajjemi:\u00a0<strong>Bio-material solvents for Inkjet printing of liquid-exfoliated Graphene\/MoS<sub>2<\/sub> composites<\/strong><\/p>\n<p><strong><img loading=\"lazy\" decoding=\"async\" class=\"aligncenter size-full wp-image-2733\" src=\"https:\/\/biointerfaceresearch.com\/wp-content\/uploads\/2018\/12\/3-2.png\" alt=\"\" width=\"550\" height=\"350\" srcset=\"https:\/\/biointerfaceresearch.com\/wp-content\/uploads\/2018\/12\/3-2.png 550w, https:\/\/biointerfaceresearch.com\/wp-content\/uploads\/2018\/12\/3-2-300x191.png 300w\" sizes=\"auto, (max-width: 550px) 100vw, 550px\" \/><\/strong><\/p>\n<p style=\"text-align: right;\"><em><strong><a  data-e-Disable-Page-Transition=\"true\" class=\"download-link\" title=\"\" href=\"https:\/\/biointerfaceresearch.com?download=2433&amp;tmstv=1775923667\" rel=\"nofollow\" id=\"download-link-2433\" data-redirect=\"false\" >\n\tDownload Article\t(17190 downloads\t)\n<\/a>\n<\/strong><\/em><\/p>\n<hr \/>\n<p>4)Oluyomi Stephen Adeyemi, Isaac Oluwafemi Olajide, Anne Adebukola Adeyanju, Oluwakemi Josephine Awakan, David Adeiza Otohinoyi:\u00a0<strong>Modulation of rat plasma kynurenine level by platinum nanoparticles and likely association with oxidative stress<\/strong><\/p>\n<p><strong><img loading=\"lazy\" decoding=\"async\" class=\"aligncenter size-full wp-image-2735\" src=\"https:\/\/biointerfaceresearch.com\/wp-content\/uploads\/2018\/12\/4-2.png\" alt=\"\" width=\"550\" height=\"350\" srcset=\"https:\/\/biointerfaceresearch.com\/wp-content\/uploads\/2018\/12\/4-2.png 550w, https:\/\/biointerfaceresearch.com\/wp-content\/uploads\/2018\/12\/4-2-300x191.png 300w\" sizes=\"auto, (max-width: 550px) 100vw, 550px\" \/><\/strong><\/p>\n<p style=\"text-align: right;\"><em><strong><a  data-e-Disable-Page-Transition=\"true\" class=\"download-link\" title=\"\" href=\"https:\/\/biointerfaceresearch.com?download=2435&amp;tmstv=1775923667\" rel=\"nofollow\" id=\"download-link-2435\" data-redirect=\"false\" >\n\tDownload Article\t(14940 downloads\t)\n<\/a>\n<\/strong><\/em><\/p>\n<hr \/>\n<p>5) Ahmed M. Bayoumy, El-Sayed M. El-Sayed, Amina Omar, Medhat Ibrahim:\u00a0<strong>Emerging applications of chitosan: from biology to environment<\/strong><\/p>\n<p><strong><img loading=\"lazy\" decoding=\"async\" class=\"aligncenter size-full wp-image-1853\" src=\"https:\/\/biointerfaceresearch.com\/wp-content\/uploads\/2016\/11\/2069583766814820.png\" alt=\"\" width=\"550\" height=\"350\" srcset=\"https:\/\/biointerfaceresearch.com\/wp-content\/uploads\/2016\/11\/2069583766814820.png 550w, https:\/\/biointerfaceresearch.com\/wp-content\/uploads\/2016\/11\/2069583766814820-300x191.png 300w\" sizes=\"auto, (max-width: 550px) 100vw, 550px\" \/><\/strong><\/p>\n<p style=\"text-align: right;\"><em><strong><a  data-e-Disable-Page-Transition=\"true\" class=\"download-link\" title=\"\" href=\"https:\/\/biointerfaceresearch.com?download=2437&amp;tmstv=1775923667\" rel=\"nofollow\" id=\"download-link-2437\" data-redirect=\"false\" >\n\tDownload Article\t(16533 downloads\t)\n<\/a>\n<\/strong><\/em><\/p>\n<hr \/>\n<p>6) Khiena Z. Brainina, Daria P. Varzakova, Yan E. Kazakov, Marina B. Vidrevich:\u00a0<strong>Noninvasive electrochemical antioxidant activity estimation: saliva analysis<\/strong><\/p>\n<p><strong><img loading=\"lazy\" decoding=\"async\" class=\"aligncenter size-full wp-image-2736\" src=\"https:\/\/biointerfaceresearch.com\/wp-content\/uploads\/2018\/12\/6-2.png\" alt=\"\" width=\"550\" height=\"350\" srcset=\"https:\/\/biointerfaceresearch.com\/wp-content\/uploads\/2018\/12\/6-2.png 550w, https:\/\/biointerfaceresearch.com\/wp-content\/uploads\/2018\/12\/6-2-300x191.png 300w\" sizes=\"auto, (max-width: 550px) 100vw, 550px\" \/><\/strong><\/p>\n<p style=\"text-align: right;\"><em><strong><a  data-e-Disable-Page-Transition=\"true\" class=\"download-link\" title=\"\" href=\"https:\/\/biointerfaceresearch.com?download=2439&amp;tmstv=1775923667\" rel=\"nofollow\" id=\"download-link-2439\" data-redirect=\"false\" >\n\tDownload Article\t(16412 downloads\t)\n<\/a>\n<\/strong><\/em><\/p>\n<hr \/>\n<p>7) Golamari Siva Reddy,\u00a0Kamma Srinivasulu, Botlagunta Mahendran, Ronda Srinivasa Reddy:\u00a0<strong>Production and stability studies of the biosurfactant isolated from <em>Achromobacter xylos<\/em> GSR-21<\/strong><\/p>\n<p><strong><img loading=\"lazy\" decoding=\"async\" class=\"aligncenter size-full wp-image-2737\" src=\"https:\/\/biointerfaceresearch.com\/wp-content\/uploads\/2018\/12\/7-2.png\" alt=\"\" width=\"550\" height=\"350\" srcset=\"https:\/\/biointerfaceresearch.com\/wp-content\/uploads\/2018\/12\/7-2.png 550w, https:\/\/biointerfaceresearch.com\/wp-content\/uploads\/2018\/12\/7-2-300x191.png 300w\" sizes=\"auto, (max-width: 550px) 100vw, 550px\" \/><\/strong><\/p>\n<p style=\"text-align: right;\"><em><strong><a  data-e-Disable-Page-Transition=\"true\" class=\"download-link\" title=\"\" href=\"https:\/\/biointerfaceresearch.com?download=2441&amp;tmstv=1775923667\" rel=\"nofollow\" id=\"download-link-2441\" data-redirect=\"false\" >\n\tDownload Article\t(16402 downloads\t)\n<\/a>\n<\/strong><\/em><\/p>\n<hr \/>\n<p>8) Shahana Malik, Ikramullah Khan, Muhammad Shuaib, Kashif Ali:\u00a0<strong>Effect of gamma radiations (<sup>60<\/sup>Co) on seed germination and growth of turnip plant (<em>Brassica rapa <\/em>L.)<\/strong><\/p>\n<p><strong><img loading=\"lazy\" decoding=\"async\" class=\"aligncenter size-full wp-image-1853\" src=\"https:\/\/biointerfaceresearch.com\/wp-content\/uploads\/2016\/11\/2069583766814820.png\" alt=\"\" width=\"550\" height=\"350\" srcset=\"https:\/\/biointerfaceresearch.com\/wp-content\/uploads\/2016\/11\/2069583766814820.png 550w, https:\/\/biointerfaceresearch.com\/wp-content\/uploads\/2016\/11\/2069583766814820-300x191.png 300w\" sizes=\"auto, (max-width: 550px) 100vw, 550px\" \/><\/strong><\/p>\n<p style=\"text-align: right;\"><em><strong><a  data-e-Disable-Page-Transition=\"true\" class=\"download-link\" title=\"\" href=\"https:\/\/biointerfaceresearch.com?download=2443&amp;tmstv=1775923667\" rel=\"nofollow\" id=\"download-link-2443\" data-redirect=\"false\" >\n\tDownload Article\t(16348 downloads\t)\n<\/a>\n<\/strong><\/em><\/p>\n<hr \/>\n<p>9)\u00a0Sadaf Janghorban, Majid Ghashang:\u00a0<strong>Zinc aluminate nano-powders efficient promoter for the removal of indigo carmine from synthetic wastewaters<\/strong><\/p>\n<p><strong><img loading=\"lazy\" decoding=\"async\" class=\"aligncenter size-full wp-image-2738\" src=\"https:\/\/biointerfaceresearch.com\/wp-content\/uploads\/2018\/12\/9.png\" alt=\"\" width=\"550\" height=\"350\" srcset=\"https:\/\/biointerfaceresearch.com\/wp-content\/uploads\/2018\/12\/9.png 550w, https:\/\/biointerfaceresearch.com\/wp-content\/uploads\/2018\/12\/9-300x191.png 300w\" sizes=\"auto, (max-width: 550px) 100vw, 550px\" \/><\/strong><\/p>\n<p style=\"text-align: right;\"><em><strong><a  data-e-Disable-Page-Transition=\"true\" class=\"download-link\" title=\"\" href=\"https:\/\/biointerfaceresearch.com?download=2445&amp;tmstv=1775923667\" rel=\"nofollow\" id=\"download-link-2445\" data-redirect=\"false\" >\n\tDownload Article\t(16152 downloads\t)\n<\/a>\n<\/strong><\/em><\/p>\n<hr \/>\n<p>10) Somayeh Asghari, Ali Movafeghi, Seyed Yahya Salehi Lisar, Jaleh Barar, Yadollah Omidi:\u00a0<strong>Effects of phenanthrene on growth parameters and antioxidant systems in the green microalga <em>Chlorella vulgaris<\/em><\/strong><\/p>\n<p><strong><img loading=\"lazy\" decoding=\"async\" class=\"aligncenter size-full wp-image-2739\" src=\"https:\/\/biointerfaceresearch.com\/wp-content\/uploads\/2018\/12\/10-2.png\" alt=\"\" width=\"550\" height=\"350\" srcset=\"https:\/\/biointerfaceresearch.com\/wp-content\/uploads\/2018\/12\/10-2.png 550w, https:\/\/biointerfaceresearch.com\/wp-content\/uploads\/2018\/12\/10-2-300x191.png 300w\" sizes=\"auto, (max-width: 550px) 100vw, 550px\" \/><\/strong><\/p>\n<p style=\"text-align: right;\"><em><strong><a  data-e-Disable-Page-Transition=\"true\" class=\"download-link\" title=\"\" href=\"https:\/\/biointerfaceresearch.com?download=2447&amp;tmstv=1775923667\" rel=\"nofollow\" id=\"download-link-2447\" data-redirect=\"false\" >\n\tDownload Article\t(16522 downloads\t)\n<\/a>\n<\/strong><\/em><\/p>\n<hr \/>\n<p>11) Figueroa-Valverde Lauro, Diaz Cedillo Francisco, Rosas-Nexticapa Marcela,\u00a0Mateu-Armand Virginia, Montano-Tapia Elizabeth, Hau-Heredia Lenin, Lopez-Ramos Maria, Garc\u00eda-Cervera Elodia, Pool G\u00f3mez Eduardo, Garc\u00eda-Martinez Rolando, Estrella-Barr\u00f3n Raquel, Cauich-Carrillo Regina, Alfonso-Jimenez Alondra, Cabrera-Tuz Jhair:\u00a0\u00a0<strong>Design and synthesis of two azete-phenylene-dibenzoic acid derivatives and theoretical evaluation of their interaction with BRCA-1 protein<\/strong><\/p>\n<p><strong><img loading=\"lazy\" decoding=\"async\" class=\"aligncenter size-full wp-image-2740\" src=\"https:\/\/biointerfaceresearch.com\/wp-content\/uploads\/2018\/12\/11-2.png\" alt=\"\" width=\"550\" height=\"350\" srcset=\"https:\/\/biointerfaceresearch.com\/wp-content\/uploads\/2018\/12\/11-2.png 550w, https:\/\/biointerfaceresearch.com\/wp-content\/uploads\/2018\/12\/11-2-300x191.png 300w\" sizes=\"auto, (max-width: 550px) 100vw, 550px\" \/><\/strong><\/p>\n<p style=\"text-align: right;\"><em><strong><a  data-e-Disable-Page-Transition=\"true\" class=\"download-link\" title=\"\" href=\"https:\/\/biointerfaceresearch.com?download=2449&amp;tmstv=1775923667\" rel=\"nofollow\" id=\"download-link-2449\" data-redirect=\"false\" >\n\tDownload Article\t(16044 downloads\t)\n<\/a>\n<\/strong><\/em><\/p>\n<hr \/>\n<p>12) Shadi Siabi, Hoda Pasdar, Naser Foroughifar, Mehran Davallo, Reza Fazaeli:\u00a0<strong>Synthesis, characterization and biological evaluation of naphthalene-1,8-diylbis(azaneylylidene)bis(methaneylylidene))diphenol Schiff base and its Cu(II), Ni (II) and Co(II) complexes<\/strong><\/p>\n<p><strong><img loading=\"lazy\" decoding=\"async\" class=\"aligncenter size-full wp-image-2741\" src=\"https:\/\/biointerfaceresearch.com\/wp-content\/uploads\/2018\/12\/12.png\" alt=\"\" width=\"550\" height=\"350\" srcset=\"https:\/\/biointerfaceresearch.com\/wp-content\/uploads\/2018\/12\/12.png 550w, https:\/\/biointerfaceresearch.com\/wp-content\/uploads\/2018\/12\/12-300x191.png 300w\" sizes=\"auto, (max-width: 550px) 100vw, 550px\" \/><\/strong><\/p>\n<p style=\"text-align: right;\"><em><strong><a  data-e-Disable-Page-Transition=\"true\" class=\"download-link\" title=\"\" href=\"https:\/\/biointerfaceresearch.com?download=2451&amp;tmstv=1775923667\" rel=\"nofollow\" id=\"download-link-2451\" data-redirect=\"false\" >\n\tDownload Article\t(16074 downloads\t)\n<\/a>\n<\/strong><\/em><\/p>\n<hr \/>\n<p>13) Ebrahim Rezaeipour,\u00a0Najmeh Sheibani Tezerji, Rasoul Rezaei:\u00a0<strong>Development of dispersive liquid-liquid microextraction coupled to UPLC-DAD for detection and determination of phthalic acid esters in mouthwash<\/strong><\/p>\n<p><strong><img loading=\"lazy\" decoding=\"async\" class=\"aligncenter size-full wp-image-2742\" src=\"https:\/\/biointerfaceresearch.com\/wp-content\/uploads\/2018\/12\/13-2.png\" alt=\"\" width=\"550\" height=\"350\" srcset=\"https:\/\/biointerfaceresearch.com\/wp-content\/uploads\/2018\/12\/13-2.png 550w, https:\/\/biointerfaceresearch.com\/wp-content\/uploads\/2018\/12\/13-2-300x191.png 300w\" sizes=\"auto, (max-width: 550px) 100vw, 550px\" \/><\/strong><\/p>\n<p style=\"text-align: right;\"><strong><a  data-e-Disable-Page-Transition=\"true\" class=\"download-link\" title=\"\" href=\"https:\/\/biointerfaceresearch.com?download=2453&amp;tmstv=1775923667\" rel=\"nofollow\" id=\"download-link-2453\" data-redirect=\"false\" >\n\tDownload Article\t(16376 downloads\t)\n<\/a>\n<\/strong><\/p>\n<hr \/>\n<p>14) Leyla Kharghanian, Majid Monajjemi,\u00a0Karim Zare:\u00a0<strong>Disease-gene discovery &amp; repairing of a gene causing human cytochrome-c oxidase deficiency by Docking method<\/strong><\/p>\n<p><strong><img loading=\"lazy\" decoding=\"async\" class=\"aligncenter size-full wp-image-2743\" src=\"https:\/\/biointerfaceresearch.com\/wp-content\/uploads\/2018\/12\/14-1.png\" alt=\"\" width=\"550\" height=\"350\" srcset=\"https:\/\/biointerfaceresearch.com\/wp-content\/uploads\/2018\/12\/14-1.png 550w, https:\/\/biointerfaceresearch.com\/wp-content\/uploads\/2018\/12\/14-1-300x191.png 300w\" sizes=\"auto, (max-width: 550px) 100vw, 550px\" \/><\/strong><\/p>\n<p style=\"text-align: right;\"><em><strong><a  data-e-Disable-Page-Transition=\"true\" class=\"download-link\" title=\"\" href=\"https:\/\/biointerfaceresearch.com?download=2455&amp;tmstv=1775923667\" rel=\"nofollow\" id=\"download-link-2455\" data-redirect=\"false\" >\n\tDownload Article\t(15792 downloads\t)\n<\/a>\n<\/strong><\/em><\/p>\n<hr \/>\n<p>15) O\u011fuz \u00c7ak\u0131r, Fatma Y\u0131lmaz<sub>,<\/sub> Z\u00fcbeyde Baysal, Adil Denizli:\u00a0<strong>Preparation of a new quartz crystal microbalance sensor based on molecularly imprinted nanofilms for amitrole detection<\/strong><\/p>\n<p><strong><img loading=\"lazy\" decoding=\"async\" class=\"aligncenter size-full wp-image-2744\" src=\"https:\/\/biointerfaceresearch.com\/wp-content\/uploads\/2018\/12\/15-2.png\" alt=\"\" width=\"550\" height=\"350\" srcset=\"https:\/\/biointerfaceresearch.com\/wp-content\/uploads\/2018\/12\/15-2.png 550w, https:\/\/biointerfaceresearch.com\/wp-content\/uploads\/2018\/12\/15-2-300x191.png 300w\" sizes=\"auto, (max-width: 550px) 100vw, 550px\" \/><\/strong><\/p>\n<p style=\"text-align: right;\"><em><strong><a  data-e-Disable-Page-Transition=\"true\" class=\"download-link\" title=\"\" href=\"https:\/\/biointerfaceresearch.com?download=2457&amp;tmstv=1775923667\" rel=\"nofollow\" id=\"download-link-2457\" data-redirect=\"false\" >\n\tDownload Article\t(18603 downloads\t)\n<\/a>\n<\/strong><\/em><\/p>\n<hr \/>\n<p>16) Aysel Duman,\u00a0 Rasim Mogulkoc, Abdulkerim Kasim Baltaci, Abdullah Sivrikaya:\u00a0<strong>The effect of 3\u2032,4\u2032-dihydroxyflavonol on plasma oxidant and antioxidant systems in testis ischemia-reperfusion injury in rats<\/strong><\/p>\n<p><strong><img loading=\"lazy\" decoding=\"async\" class=\"aligncenter size-full wp-image-1853\" src=\"https:\/\/biointerfaceresearch.com\/wp-content\/uploads\/2016\/11\/2069583766814820.png\" alt=\"\" width=\"550\" height=\"350\" srcset=\"https:\/\/biointerfaceresearch.com\/wp-content\/uploads\/2016\/11\/2069583766814820.png 550w, https:\/\/biointerfaceresearch.com\/wp-content\/uploads\/2016\/11\/2069583766814820-300x191.png 300w\" sizes=\"auto, (max-width: 550px) 100vw, 550px\" \/><\/strong><\/p>\n<p style=\"text-align: right;\"><em><strong><a  data-e-Disable-Page-Transition=\"true\" class=\"download-link\" title=\"\" href=\"https:\/\/biointerfaceresearch.com?download=2479&amp;tmstv=1775923667\" rel=\"nofollow\" id=\"download-link-2479\" data-redirect=\"false\" >\n\tDownload Article\t(16912 downloads\t)\n<\/a>\n<\/strong><\/em><\/p>\n<hr \/>\n<p>17) Mehmet\u00a0 Kilic, Abdulkerim Kasim Baltaci, Mehmet Gunay, Nilsel Okudan, Rasim Mogulkoc:\u00a0<strong>The effect of zinc supplementation on Max Vo<sub>2<\/sub> and lactate levels in sedentary people<\/strong><\/p>\n<p><strong><img loading=\"lazy\" decoding=\"async\" class=\"aligncenter size-full wp-image-1853\" src=\"https:\/\/biointerfaceresearch.com\/wp-content\/uploads\/2016\/11\/2069583766814820.png\" alt=\"\" width=\"550\" height=\"350\" srcset=\"https:\/\/biointerfaceresearch.com\/wp-content\/uploads\/2016\/11\/2069583766814820.png 550w, https:\/\/biointerfaceresearch.com\/wp-content\/uploads\/2016\/11\/2069583766814820-300x191.png 300w\" sizes=\"auto, (max-width: 550px) 100vw, 550px\" \/><\/strong><\/p>\n<p style=\"text-align: right;\"><em><strong><a  data-e-Disable-Page-Transition=\"true\" class=\"download-link\" title=\"\" href=\"https:\/\/biointerfaceresearch.com?download=2461&amp;tmstv=1775923667\" rel=\"nofollow\" id=\"download-link-2461\" data-redirect=\"false\" >\n\tDownload Article\t(16138 downloads\t)\n<\/a>\n<\/strong><\/em><\/p>\n<hr \/>\n<p>18) Elahe Amini, Mohammad Azadfallah:\u00a0<strong><em>In situ<\/em> synthesis of silver nanoparticles on fiber matrix for preparing antibacterial paper<\/strong><\/p>\n<p><strong><img loading=\"lazy\" decoding=\"async\" class=\"aligncenter size-full wp-image-2745\" src=\"https:\/\/biointerfaceresearch.com\/wp-content\/uploads\/2018\/12\/18-2.png\" alt=\"\" width=\"550\" height=\"350\" srcset=\"https:\/\/biointerfaceresearch.com\/wp-content\/uploads\/2018\/12\/18-2.png 550w, https:\/\/biointerfaceresearch.com\/wp-content\/uploads\/2018\/12\/18-2-300x191.png 300w\" sizes=\"auto, (max-width: 550px) 100vw, 550px\" \/><\/strong><\/p>\n<p style=\"text-align: right;\"><em><strong><a  data-e-Disable-Page-Transition=\"true\" class=\"download-link\" title=\"\" href=\"https:\/\/biointerfaceresearch.com?download=2463&amp;tmstv=1775923667\" rel=\"nofollow\" id=\"download-link-2463\" data-redirect=\"false\" >\n\tDownload Article\t(16269 downloads\t)\n<\/a>\n<\/strong><\/em><\/p>\n<hr \/>\n<p>19) Sina Khanmohammadi,\u00a0Ramin Karimian, Farid Hajibonabi, Elmira Mostafidi, Asghar Tanomand, Ladan Edjlali, Zahra Khalili Azami, Mojtaba Ghanbari Mehrabani, Hossein Samadi Kafil:\u00a0<strong>Polythiophene\/TiO<sub>2<\/sub> and polythiophene\/ZrO<sub>2<\/sub> nanocomposites: physical and antimicrobial properties against common infections<\/strong><\/p>\n<p><strong><img loading=\"lazy\" decoding=\"async\" class=\"aligncenter size-full wp-image-2746\" src=\"https:\/\/biointerfaceresearch.com\/wp-content\/uploads\/2018\/12\/19-1.png\" alt=\"\" width=\"550\" height=\"350\" srcset=\"https:\/\/biointerfaceresearch.com\/wp-content\/uploads\/2018\/12\/19-1.png 550w, https:\/\/biointerfaceresearch.com\/wp-content\/uploads\/2018\/12\/19-1-300x191.png 300w\" sizes=\"auto, (max-width: 550px) 100vw, 550px\" \/><\/strong><\/p>\n<p style=\"text-align: right;\"><em><strong><a  data-e-Disable-Page-Transition=\"true\" class=\"download-link\" title=\"\" href=\"https:\/\/biointerfaceresearch.com?download=2465&amp;tmstv=1775923667\" rel=\"nofollow\" id=\"download-link-2465\" data-redirect=\"false\" >\n\tDownload Article\t(16381 downloads\t)\n<\/a>\n<\/strong><\/em><\/p>\n<hr \/>\n<p>20) Eleftherios G. Halevas, Anastasia A. Pantazaki:\u00a0<strong>Advances in the optimized synthesis of biotechnologically valuable products from bio-engineered microbial cell factories<\/strong><\/p>\n<p><strong><img loading=\"lazy\" decoding=\"async\" class=\"aligncenter size-full wp-image-2747\" src=\"https:\/\/biointerfaceresearch.com\/wp-content\/uploads\/2018\/12\/20-2.png\" alt=\"\" width=\"550\" height=\"350\" srcset=\"https:\/\/biointerfaceresearch.com\/wp-content\/uploads\/2018\/12\/20-2.png 550w, https:\/\/biointerfaceresearch.com\/wp-content\/uploads\/2018\/12\/20-2-300x191.png 300w\" sizes=\"auto, (max-width: 550px) 100vw, 550px\" \/><\/strong><\/p>\n<p style=\"text-align: right;\"><em><strong><a  data-e-Disable-Page-Transition=\"true\" class=\"download-link\" title=\"\" href=\"https:\/\/biointerfaceresearch.com?download=2467&amp;tmstv=1775923667\" rel=\"nofollow\" id=\"download-link-2467\" data-redirect=\"false\" >\n\tDownload Article\t(16331 downloads\t)\n<\/a>\n<\/strong><\/em><\/p>\n<hr \/>\n<p>21) Vladimir Alexandrovich Ermolaev:\u00a0<strong>Research of vacuum drying peculiarities of wild berries<\/strong><\/p>\n<p><strong><img loading=\"lazy\" decoding=\"async\" class=\"aligncenter size-full wp-image-2748\" src=\"https:\/\/biointerfaceresearch.com\/wp-content\/uploads\/2018\/12\/21-2.png\" alt=\"\" width=\"550\" height=\"350\" srcset=\"https:\/\/biointerfaceresearch.com\/wp-content\/uploads\/2018\/12\/21-2.png 550w, https:\/\/biointerfaceresearch.com\/wp-content\/uploads\/2018\/12\/21-2-300x191.png 300w\" sizes=\"auto, (max-width: 550px) 100vw, 550px\" \/><\/strong><\/p>\n<p style=\"text-align: right;\"><em><strong><a  data-e-Disable-Page-Transition=\"true\" class=\"download-link\" title=\"\" href=\"https:\/\/biointerfaceresearch.com?download=2469&amp;tmstv=1775923667\" rel=\"nofollow\" id=\"download-link-2469\" data-redirect=\"false\" >\n\tDownload Article\t(16765 downloads\t)\n<\/a>\n<\/strong><\/em><\/p>\n<hr \/>\n<p>22) Sora Yasri, Viroj Wiwanitkit:\u00a0<strong>Applied biointerface technology for medical diagnosis: a summary<\/strong><\/p>\n<p><strong><img loading=\"lazy\" decoding=\"async\" class=\"aligncenter size-full wp-image-2749\" src=\"https:\/\/biointerfaceresearch.com\/wp-content\/uploads\/2018\/12\/22-1.png\" alt=\"\" width=\"550\" height=\"350\" srcset=\"https:\/\/biointerfaceresearch.com\/wp-content\/uploads\/2018\/12\/22-1.png 550w, https:\/\/biointerfaceresearch.com\/wp-content\/uploads\/2018\/12\/22-1-300x191.png 300w\" sizes=\"auto, (max-width: 550px) 100vw, 550px\" \/><\/strong><\/p>\n<p style=\"text-align: right;\"><em><strong><a  data-e-Disable-Page-Transition=\"true\" class=\"download-link\" title=\"\" href=\"https:\/\/biointerfaceresearch.com?download=2471&amp;tmstv=1775923667\" rel=\"nofollow\" id=\"download-link-2471\" data-redirect=\"false\" >\n\tDownload Article\t(15771 downloads\t)\n<\/a>\n<\/strong><\/em><\/p>\n<hr \/>\n<p>23)\u00a0Hakimeh Moghaddas Sani,\u00a0Simin Sharifi, Seyed Mahdi Hosseinian Khatibi,\u00a0Mohammadreza Ardalan,Sepideh Zununi Vahed:\u00a0<strong>Integral detection of bacterial macromolecules: applications\u00a0<\/strong><strong>of nucleic acid-based approaches<\/strong><\/p>\n<p><strong><img loading=\"lazy\" decoding=\"async\" class=\"aligncenter size-full wp-image-1853\" src=\"https:\/\/biointerfaceresearch.com\/wp-content\/uploads\/2016\/11\/2069583766814820.png\" alt=\"\" width=\"550\" height=\"350\" srcset=\"https:\/\/biointerfaceresearch.com\/wp-content\/uploads\/2016\/11\/2069583766814820.png 550w, https:\/\/biointerfaceresearch.com\/wp-content\/uploads\/2016\/11\/2069583766814820-300x191.png 300w\" sizes=\"auto, (max-width: 550px) 100vw, 550px\" \/><\/strong><\/p>\n<p style=\"text-align: right;\"><em><strong><a  data-e-Disable-Page-Transition=\"true\" class=\"download-link\" title=\"\" href=\"https:\/\/biointerfaceresearch.com?download=2483&amp;tmstv=1775923667\" rel=\"nofollow\" id=\"download-link-2483\" data-redirect=\"false\" >\n\tDownload Article\t(16362 downloads\t)\n<\/a>\n<\/strong><\/em><\/p>\n<hr \/>\n<p style=\"text-align: right;\">\n","protected":false},"excerpt":{"rendered":"<p>Biointerface Res. Appl. Chem., Volume 8, Issue 4, 2018 (August 15th,\u00a0\u00a02018) 1) Sweetie Raju Kanatt, Anam Siddiqui, Surinder Pritamdas Chawla:\u00a0Antioxidant\/antimicrobial potential of Emblica officinalis Gaertn and its application as a natural additive for shelf life extension of minced chicken meat 2) Ramona Massoud, Kianoush Khosravi-Darani:\u00a0Production of synbiotic corn extract: application &hellip;<\/p>\n","protected":false},"author":1,"featured_media":0,"parent":2256,"menu_order":0,"comment_status":"closed","ping_status":"closed","template":"","meta":{"footnotes":""},"class_list":["post-2423","page","type-page","status-publish","hentry"],"_links":{"self":[{"href":"https:\/\/biointerfaceresearch.com\/index.php?rest_route=\/wp\/v2\/pages\/2423","targetHints":{"allow":["GET"]}}],"collection":[{"href":"https:\/\/biointerfaceresearch.com\/index.php?rest_route=\/wp\/v2\/pages"}],"about":[{"href":"https:\/\/biointerfaceresearch.com\/index.php?rest_route=\/wp\/v2\/types\/page"}],"author":[{"embeddable":true,"href":"https:\/\/biointerfaceresearch.com\/index.php?rest_route=\/wp\/v2\/users\/1"}],"replies":[{"embeddable":true,"href":"https:\/\/biointerfaceresearch.com\/index.php?rest_route=%2Fwp%2Fv2%2Fcomments&post=2423"}],"version-history":[{"count":0,"href":"https:\/\/biointerfaceresearch.com\/index.php?rest_route=\/wp\/v2\/pages\/2423\/revisions"}],"up":[{"embeddable":true,"href":"https:\/\/biointerfaceresearch.com\/index.php?rest_route=\/wp\/v2\/pages\/2256"}],"wp:attachment":[{"href":"https:\/\/biointerfaceresearch.com\/index.php?rest_route=%2Fwp%2Fv2%2Fmedia&parent=2423"}],"curies":[{"name":"wp","href":"https:\/\/api.w.org\/{rel}","templated":true}]}}