{"id":658,"date":"2014-07-25T16:50:33","date_gmt":"2014-07-25T14:50:33","guid":{"rendered":"http:\/\/biointerfaceresearch.com\/?page_id=658"},"modified":"2020-04-10T18:43:10","modified_gmt":"2020-04-10T16:43:10","slug":"issue-4","status":"publish","type":"page","link":"https:\/\/biointerfaceresearch.com\/?page_id=658","title":{"rendered":"Issue 4"},"content":{"rendered":"<p style=\"text-align: center;\"><strong style=\"color: #373737;\">Biointerface Res. Appl. Chem., Volume 4, Issue 4, 2014 (August 15th,\u00a0\u00a02014)<\/strong><\/p>\n<p style=\"text-align: center;\"><strong>Cover<\/strong><\/p>\n<p style=\"text-align: right;\"><em><strong><a  data-e-Disable-Page-Transition=\"true\" class=\"download-link\" title=\"\" href=\"https:\/\/biointerfaceresearch.com?download=724&amp;tmstv=1777714842\" rel=\"nofollow\" id=\"download-link-724\" data-redirect=\"false\" >\n\tDownload Cover\t(19662 downloads\t)\n<\/a>\n<\/strong><\/em><\/p>\n<hr \/>\n<p style=\"text-align: justify;\">(1)\u00a0Gabriela Corina Kodjabashija, Grigore Mih\u0103escu:\u00a0<strong>Risk factors in larynx and oropharyngeal malignant neoplasms<\/strong><\/p>\n<p style=\"text-align: justify;\"><img loading=\"lazy\" decoding=\"async\" class=\"aligncenter size-full wp-image-661\" src=\"https:\/\/biointerfaceresearch.com\/wp-content\/uploads\/2014\/07\/99.png\" alt=\"99\" width=\"450\" height=\"250\" srcset=\"https:\/\/biointerfaceresearch.com\/wp-content\/uploads\/2014\/07\/99.png 450w, https:\/\/biointerfaceresearch.com\/wp-content\/uploads\/2014\/07\/99-300x166.png 300w\" sizes=\"auto, (max-width: 450px) 100vw, 450px\" \/><\/p>\n<p style=\"text-align: right;\"><em><strong><a  data-e-Disable-Page-Transition=\"true\" class=\"download-link\" title=\"\" href=\"https:\/\/biointerfaceresearch.com?download=662&amp;tmstv=1777714842\" rel=\"nofollow\" id=\"download-link-662\" data-redirect=\"false\" >\n\tDownload Article\t(22300 downloads\t)\n<\/a>\n<\/strong><\/em><\/p>\n<hr \/>\n<p style=\"text-align: justify;\">(2) Kadir Ozden Yerdelen, Edip Tosun:\u00a0<strong>Rapid and simple synthesis of secondary aromatic amines under solvent-free phase transfer catalytic conditions<\/strong><\/p>\n<p style=\"text-align: center;\"><img loading=\"lazy\" decoding=\"async\" class=\" wp-image-696\" src=\"https:\/\/biointerfaceresearch.com\/wp-content\/uploads\/2014\/07\/100.png\" alt=\"100\" width=\"550\" height=\"232\" \/><\/p>\n<p style=\"text-align: right;\"><em><strong><a  data-e-Disable-Page-Transition=\"true\" class=\"download-link\" title=\"\" href=\"https:\/\/biointerfaceresearch.com?download=708&amp;tmstv=1777714842\" rel=\"nofollow\" id=\"download-link-708\" data-redirect=\"false\" >\n\tDownload Article\t(21448 downloads\t)\n<\/a>\n<\/strong><\/em><\/p>\n<hr \/>\n<p style=\"text-align: justify;\">(3) Devendra Pratap Rao:\u00a0<strong>Synthesis, characterization and antibacterial evaluation of five dioxomolybdenum(VI) complexes coordinated by Schiff derivatives<\/strong><\/p>\n<p style=\"text-align: center;\"><img loading=\"lazy\" decoding=\"async\" class=\"size-full wp-image-697\" src=\"https:\/\/biointerfaceresearch.com\/wp-content\/uploads\/2014\/07\/101.png\" alt=\"101\" width=\"550\" height=\"300\" srcset=\"https:\/\/biointerfaceresearch.com\/wp-content\/uploads\/2014\/07\/101.png 550w, https:\/\/biointerfaceresearch.com\/wp-content\/uploads\/2014\/07\/101-300x163.png 300w\" sizes=\"auto, (max-width: 550px) 100vw, 550px\" \/><\/p>\n<p style=\"text-align: right;\"><em><strong><a  data-e-Disable-Page-Transition=\"true\" class=\"download-link\" title=\"\" href=\"https:\/\/biointerfaceresearch.com?download=710&amp;tmstv=1777714842\" rel=\"nofollow\" id=\"download-link-710\" data-redirect=\"false\" >\n\tDownload Article\t(22288 downloads\t)\n<\/a>\n<\/strong><\/em><\/p>\n<hr \/>\n<p style=\"text-align: justify;\">(4) Ioana-Cristina Marina\u015f, Elisabeta-Irina Gean\u0103, Eliza Oprea, Carmen Chifiriuc, Veronica Laz\u0103r:\u00a0<strong>Antimicrobial and antipathogenic activity of <em>Fallopia japonica<\/em> leaves alcoholic extract<\/strong><\/p>\n<p style=\"text-align: center;\"><img loading=\"lazy\" decoding=\"async\" class=\"size-full wp-image-698\" src=\"https:\/\/biointerfaceresearch.com\/wp-content\/uploads\/2014\/07\/102.jpg\" alt=\"102\" width=\"550\" height=\"300\" srcset=\"https:\/\/biointerfaceresearch.com\/wp-content\/uploads\/2014\/07\/102.jpg 550w, https:\/\/biointerfaceresearch.com\/wp-content\/uploads\/2014\/07\/102-300x163.jpg 300w\" sizes=\"auto, (max-width: 550px) 100vw, 550px\" \/><\/p>\n<p style=\"text-align: right;\"><em><strong><a  data-e-Disable-Page-Transition=\"true\" class=\"download-link\" title=\"\" href=\"https:\/\/biointerfaceresearch.com?download=712&amp;tmstv=1777714842\" rel=\"nofollow\" id=\"download-link-712\" data-redirect=\"false\" >\n\tDownload Article\t(23115 downloads\t)\n<\/a>\n<\/strong><\/em><\/p>\n<hr \/>\n<p style=\"text-align: justify;\">(5) Ridhima Arya, Anil K. Sharma:\u00a0<strong>Bioremediation of Carbendazim by <em>Streptomyces albogriseolus<\/em><\/strong><\/p>\n<p style=\"text-align: center;\"><img loading=\"lazy\" decoding=\"async\" class=\"size-full wp-image-699\" src=\"https:\/\/biointerfaceresearch.com\/wp-content\/uploads\/2014\/07\/103.jpg\" alt=\"103\" width=\"550\" height=\"300\" srcset=\"https:\/\/biointerfaceresearch.com\/wp-content\/uploads\/2014\/07\/103.jpg 550w, https:\/\/biointerfaceresearch.com\/wp-content\/uploads\/2014\/07\/103-300x163.jpg 300w\" sizes=\"auto, (max-width: 550px) 100vw, 550px\" \/><\/p>\n<p style=\"text-align: right;\"><em><strong><a  data-e-Disable-Page-Transition=\"true\" class=\"download-link\" title=\"\" href=\"https:\/\/biointerfaceresearch.com?download=739&amp;tmstv=1777714842\" rel=\"nofollow\" id=\"download-link-739\" data-redirect=\"false\" >\n\tDownload Article\t(21278 downloads\t)\n<\/a>\n<\/strong><\/em><\/p>\n<hr \/>\n<p style=\"text-align: justify;\">(6) Anand Patel, Deep Naik, Jignesh Raval:\u00a0<strong>Orodispersible tablets of Lamotrigine: preparation and evaluation<\/strong><\/p>\n<p style=\"text-align: center;\"><img loading=\"lazy\" decoding=\"async\" class=\"size-full wp-image-700\" src=\"https:\/\/biointerfaceresearch.com\/wp-content\/uploads\/2014\/07\/104.png\" alt=\"104\" width=\"550\" height=\"300\" srcset=\"https:\/\/biointerfaceresearch.com\/wp-content\/uploads\/2014\/07\/104.png 550w, https:\/\/biointerfaceresearch.com\/wp-content\/uploads\/2014\/07\/104-300x163.png 300w\" sizes=\"auto, (max-width: 550px) 100vw, 550px\" \/><\/p>\n<p style=\"text-align: right;\"><em><strong><a  data-e-Disable-Page-Transition=\"true\" class=\"download-link\" title=\"\" href=\"https:\/\/biointerfaceresearch.com?download=716&amp;tmstv=1777714842\" rel=\"nofollow\" id=\"download-link-716\" data-redirect=\"false\" >\n\tDownload Article\t(22382 downloads\t)\n<\/a>\n<\/strong><\/em><\/p>\n<hr \/>\n<p style=\"text-align: justify;\">(7) Lia\u2013Mara Ditu, Mariana Carmen Chifiriuc, Diana Pelinescu, Ionela Avram, Veronica Lazar, Grigore Mihaescu:\u00a0<strong>Two-Component Regulatory Systems \u2013 implication in the quorum sensing mechanisms and bacteriocin production in lactic acid bacteria<\/strong><\/p>\n<p><img loading=\"lazy\" decoding=\"async\" class=\"size-full wp-image-701 aligncenter\" src=\"https:\/\/biointerfaceresearch.com\/wp-content\/uploads\/2014\/07\/105.png\" alt=\"105\" width=\"550\" height=\"300\" srcset=\"https:\/\/biointerfaceresearch.com\/wp-content\/uploads\/2014\/07\/105.png 550w, https:\/\/biointerfaceresearch.com\/wp-content\/uploads\/2014\/07\/105-300x163.png 300w\" sizes=\"auto, (max-width: 550px) 100vw, 550px\" \/><\/p>\n<p style=\"text-align: right;\"><em><strong><a  data-e-Disable-Page-Transition=\"true\" class=\"download-link\" title=\"\" href=\"https:\/\/biointerfaceresearch.com?download=843&amp;tmstv=1777714842\" rel=\"nofollow\" id=\"download-link-843\" data-redirect=\"false\" >\n\tDownload Article\t(22136 downloads\t)\n<\/a>\n<\/strong><\/em><\/p>\n<hr \/>\n<p>&nbsp;<\/p>\n<p style=\"text-align: justify;\">(8) Larisa A. Ostrovskaya, David B. Korman, Natalia V. Bluhterova, Margarita M. Fomina, Valentina A. Rikova, Claudia A. Abzaeva, Larisa V. Zhilitskaya, Nina O. Yarosh:\u00a0<strong>Antitumor activity of\u00a0 polyacrylates of noble metals in experiment<\/strong><\/p>\n<p style=\"text-align: center;\"><img loading=\"lazy\" decoding=\"async\" class=\"size-full wp-image-702\" src=\"https:\/\/biointerfaceresearch.com\/wp-content\/uploads\/2014\/07\/106.png\" alt=\"106\" width=\"550\" height=\"300\" srcset=\"https:\/\/biointerfaceresearch.com\/wp-content\/uploads\/2014\/07\/106.png 550w, https:\/\/biointerfaceresearch.com\/wp-content\/uploads\/2014\/07\/106-300x163.png 300w\" sizes=\"auto, (max-width: 550px) 100vw, 550px\" \/><\/p>\n<p style=\"text-align: right;\"><em><strong><a  data-e-Disable-Page-Transition=\"true\" class=\"download-link\" title=\"\" href=\"https:\/\/biointerfaceresearch.com?download=718&amp;tmstv=1777714842\" rel=\"nofollow\" id=\"download-link-718\" data-redirect=\"false\" >\n\tDownload Article\t(22151 downloads\t)\n<\/a>\n<\/strong><\/em><\/p>\n<hr \/>\n<p style=\"text-align: justify;\">(9) Rohit Sharma, Ramesh Jhorar, Karan Goel, Raman Kumar, Anil K. Sharma:\u00a0<strong>Nanotechnological interventions in HIV drug delivery and therapeutics<\/strong><\/p>\n<p style=\"text-align: center;\"><img loading=\"lazy\" decoding=\"async\" class=\"size-full wp-image-703\" src=\"https:\/\/biointerfaceresearch.com\/wp-content\/uploads\/2014\/07\/107.png\" alt=\"107\" width=\"550\" height=\"300\" srcset=\"https:\/\/biointerfaceresearch.com\/wp-content\/uploads\/2014\/07\/107.png 550w, https:\/\/biointerfaceresearch.com\/wp-content\/uploads\/2014\/07\/107-300x163.png 300w\" sizes=\"auto, (max-width: 550px) 100vw, 550px\" \/><\/p>\n<p style=\"text-align: right;\"><em><strong><a  data-e-Disable-Page-Transition=\"true\" class=\"download-link\" title=\"\" href=\"https:\/\/biointerfaceresearch.com?download=720&amp;tmstv=1777714842\" rel=\"nofollow\" id=\"download-link-720\" data-redirect=\"false\" >\n\tDownload Article\t(38298 downloads\t)\n<\/a>\n<\/strong><\/em><\/p>\n<hr \/>\n<p style=\"text-align: justify;\">(10) Zaida Ortega, Jenifer Vaswani, Miriam Velasco, Mario D. Monz\u00f3n, Juan E. Gonz\u00e1lez:\u00a0<strong>Use of abaca and banana fibers for water purification<\/strong><\/p>\n<p style=\"text-align: center;\"><img loading=\"lazy\" decoding=\"async\" class=\"size-full wp-image-704\" src=\"https:\/\/biointerfaceresearch.com\/wp-content\/uploads\/2014\/07\/108.png\" alt=\"108\" width=\"550\" height=\"300\" srcset=\"https:\/\/biointerfaceresearch.com\/wp-content\/uploads\/2014\/07\/108.png 550w, https:\/\/biointerfaceresearch.com\/wp-content\/uploads\/2014\/07\/108-300x163.png 300w\" sizes=\"auto, (max-width: 550px) 100vw, 550px\" \/><\/p>\n<p style=\"text-align: right;\"><em><strong><a  data-e-Disable-Page-Transition=\"true\" class=\"download-link\" title=\"\" href=\"https:\/\/biointerfaceresearch.com?download=732&amp;tmstv=1777714842\" rel=\"nofollow\" id=\"download-link-732\" data-redirect=\"false\" >\n\tDownload Article\t(23017 downloads\t)\n<\/a>\n<\/strong><\/em><\/p>\n<hr \/>\n","protected":false},"excerpt":{"rendered":"<p>Biointerface Res. Appl. Chem., Volume 4, Issue 4, 2014 (August 15th,\u00a0\u00a02014) Cover (1)\u00a0Gabriela Corina Kodjabashija, Grigore Mih\u0103escu:\u00a0Risk factors in larynx and oropharyngeal malignant neoplasms (2) Kadir Ozden Yerdelen, Edip Tosun:\u00a0Rapid and simple synthesis of secondary aromatic amines under solvent-free phase transfer catalytic conditions (3) Devendra Pratap Rao:\u00a0Synthesis, characterization and antibacterial &hellip;<\/p>\n","protected":false},"author":1,"featured_media":0,"parent":542,"menu_order":0,"comment_status":"closed","ping_status":"closed","template":"","meta":{"footnotes":""},"class_list":["post-658","page","type-page","status-publish","hentry"],"_links":{"self":[{"href":"https:\/\/biointerfaceresearch.com\/index.php?rest_route=\/wp\/v2\/pages\/658","targetHints":{"allow":["GET"]}}],"collection":[{"href":"https:\/\/biointerfaceresearch.com\/index.php?rest_route=\/wp\/v2\/pages"}],"about":[{"href":"https:\/\/biointerfaceresearch.com\/index.php?rest_route=\/wp\/v2\/types\/page"}],"author":[{"embeddable":true,"href":"https:\/\/biointerfaceresearch.com\/index.php?rest_route=\/wp\/v2\/users\/1"}],"replies":[{"embeddable":true,"href":"https:\/\/biointerfaceresearch.com\/index.php?rest_route=%2Fwp%2Fv2%2Fcomments&post=658"}],"version-history":[{"count":0,"href":"https:\/\/biointerfaceresearch.com\/index.php?rest_route=\/wp\/v2\/pages\/658\/revisions"}],"up":[{"embeddable":true,"href":"https:\/\/biointerfaceresearch.com\/index.php?rest_route=\/wp\/v2\/pages\/542"}],"wp:attachment":[{"href":"https:\/\/biointerfaceresearch.com\/index.php?rest_route=%2Fwp%2Fv2%2Fmedia&parent=658"}],"curies":[{"name":"wp","href":"https:\/\/api.w.org\/{rel}","templated":true}]}}