{"id":829,"date":"2014-09-14T21:52:03","date_gmt":"2014-09-14T19:52:03","guid":{"rendered":"http:\/\/biointerfaceresearch.com\/?page_id=829"},"modified":"2020-04-10T18:43:37","modified_gmt":"2020-04-10T16:43:37","slug":"issue-5","status":"publish","type":"page","link":"https:\/\/biointerfaceresearch.com\/?page_id=829","title":{"rendered":"Issue 5"},"content":{"rendered":"<p style=\"text-align: center;\"><strong>Biointerface Res. Appl. Chem., Volume 4, Issue 5, 2014 (October 15th,\u00a0\u00a02014)<\/strong><\/p>\n<p style=\"text-align: center;\"><strong>SPECIAL ISSUE<\/strong><\/p>\n<p style=\"text-align: center;\"><strong>Biopolymers and functional restorative materials: origins, reasons and applications<\/strong><\/p>\n<p style=\"text-align: center;\"><strong>Cover<\/strong><\/p>\n<p style=\"text-align: right;\"><em><strong><a  data-e-Disable-Page-Transition=\"true\" class=\"download-link\" title=\"\" href=\"https:\/\/biointerfaceresearch.com?download=895&amp;tmstv=1777663947\" rel=\"nofollow\" id=\"download-link-895\" data-redirect=\"false\" >\n\tDownload Cover\t(19502 downloads\t)\n<\/a>\n<\/strong><\/em><\/p>\n<hr \/>\n<p style=\"text-align: right;\">\n<p style=\"text-align: left;\" align=\"center\">(1)\u00a0Victoria Tamara Perchyonok: <strong>Editorial<\/strong><\/p>\n<p style=\"text-align: right;\" align=\"center\"><em><strong><a  data-e-Disable-Page-Transition=\"true\" class=\"download-link\" title=\"\" href=\"https:\/\/biointerfaceresearch.com?download=872&amp;tmstv=1777663947\" rel=\"nofollow\" id=\"download-link-872\" data-redirect=\"false\" >\n\tDownload Editorial\t(19008 downloads\t)\n<\/a>\n<\/strong><\/em><\/p>\n<hr \/>\n<p style=\"text-align: right;\" align=\"center\">\n<p style=\"text-align: justify;\" align=\"center\">(2)\u00a0Christian B. Fischer, Magdalena Rohrbeck, Simon Zentgraf, Stefan Wehner: \u00a0<strong>Diamond-like carbon coatings on medically relevant\u00a0<\/strong><strong>polyurethane tubing with a follow-up aging study<\/strong><\/p>\n<p style=\"text-align: center;\" align=\"center\"><img loading=\"lazy\" decoding=\"async\" class=\"aligncenter size-full wp-image-878\" src=\"https:\/\/biointerfaceresearch.com\/wp-content\/uploads\/2014\/09\/1-Fig-0-GraphicalAbstract20141010-V3-C-copy-1.png\" alt=\"1-Fig-0-GraphicalAbstract20141010-V3-C copy (1)\" width=\"550\" height=\"300\" srcset=\"https:\/\/biointerfaceresearch.com\/wp-content\/uploads\/2014\/09\/1-Fig-0-GraphicalAbstract20141010-V3-C-copy-1.png 550w, https:\/\/biointerfaceresearch.com\/wp-content\/uploads\/2014\/09\/1-Fig-0-GraphicalAbstract20141010-V3-C-copy-1-300x163.png 300w\" sizes=\"auto, (max-width: 550px) 100vw, 550px\" \/><\/p>\n<p style=\"text-align: right;\" align=\"center\"><em><strong><a  data-e-Disable-Page-Transition=\"true\" class=\"download-link\" title=\"\" href=\"https:\/\/biointerfaceresearch.com?download=875&amp;tmstv=1777663947\" rel=\"nofollow\" id=\"download-link-875\" data-redirect=\"false\" >\n\tDownload Article\t(20455 downloads\t)\n<\/a>\n<\/strong><\/em><\/p>\n<hr \/>\n<p style=\"text-align: right;\" align=\"center\">\n<p style=\"text-align: justify;\" align=\"center\">(3)\u00a0V. Tamara Perchyonoka, \u00a0Shengmiao Zhangc, Nicolaas J Bassond, Sias R Groblerd:\u00a0<strong>Evaluation of Tetracycline containing chitosan hydrogels as potential dual action bio-active restorative materials capable of wound healing: in vitro approach<\/strong><\/p>\n<p style=\"text-align: center;\" align=\"center\"><img loading=\"lazy\" decoding=\"async\" class=\"aligncenter size-full wp-image-849\" src=\"https:\/\/biointerfaceresearch.com\/wp-content\/uploads\/2014\/09\/3.png\" alt=\"3\" width=\"550\" height=\"300\" srcset=\"https:\/\/biointerfaceresearch.com\/wp-content\/uploads\/2014\/09\/3.png 550w, https:\/\/biointerfaceresearch.com\/wp-content\/uploads\/2014\/09\/3-300x163.png 300w\" sizes=\"auto, (max-width: 550px) 100vw, 550px\" \/><\/p>\n<p style=\"text-align: right;\" align=\"center\"><em><strong><a  data-e-Disable-Page-Transition=\"true\" class=\"download-link\" title=\"\" href=\"https:\/\/biointerfaceresearch.com?download=880&amp;tmstv=1777663947\" rel=\"nofollow\" id=\"download-link-880\" data-redirect=\"false\" >\n\tDownload Article\t(21822 downloads\t)\n<\/a>\n<\/strong><\/em><\/p>\n<hr \/>\n<p style=\"text-align: right;\" align=\"center\">\n<p style=\"text-align: justify;\" align=\"center\">(4)\u00a0V. Tamara Perchyonok , Vanessa Reher, Shengmiao Zhang, Ward Massey, Sias Grobler:\u00a0<strong>Microwave assisted prepared Interpenetrating hydrogels from guar-gum: chitosan IPN and guar gum hydrogels as novel functional materials: bonding, antioxidant and bioactivity<\/strong><\/p>\n<p style=\"text-align: center;\" align=\"center\"><img loading=\"lazy\" decoding=\"async\" class=\"aligncenter size-full wp-image-857\" src=\"https:\/\/biointerfaceresearch.com\/wp-content\/uploads\/2014\/09\/Microwave-assisted-prepared-Interpenetrating-hydrogels-from-guar-gum.png\" alt=\"Microwave assisted prepared Interpenetrating hydrogels from guar-gum\" width=\"550\" height=\"300\" srcset=\"https:\/\/biointerfaceresearch.com\/wp-content\/uploads\/2014\/09\/Microwave-assisted-prepared-Interpenetrating-hydrogels-from-guar-gum.png 550w, https:\/\/biointerfaceresearch.com\/wp-content\/uploads\/2014\/09\/Microwave-assisted-prepared-Interpenetrating-hydrogels-from-guar-gum-300x163.png 300w\" sizes=\"auto, (max-width: 550px) 100vw, 550px\" \/><\/p>\n<p style=\"text-align: right;\" align=\"center\"><em><strong><a  data-e-Disable-Page-Transition=\"true\" class=\"download-link\" title=\"\" href=\"https:\/\/biointerfaceresearch.com?download=883&amp;tmstv=1777663947\" rel=\"nofollow\" id=\"download-link-883\" data-redirect=\"false\" >\n\tDownload Article\t(22541 downloads\t)\n<\/a>\n<\/strong><\/em><\/p>\n<hr \/>\n<p style=\"text-align: right;\" align=\"center\">\n<p style=\"text-align: justify;\" align=\"center\">(5)\u00a0Petros L. Gkizis,\u00a0Irini Kalara-Lafkioti,\u00a0Dimitrios Varelas,\u00a0Ioannis Tamiolakis,\u00a0Gerasimos S. Armatas,\u00a0Ioannis N. Lykakis:\u00a0<strong>Efficient and selective oxidation of aromatic amines into nitrosoarenes catalyzed by <\/strong><strong>supported polyoxometalates<\/strong><\/p>\n<p align=\"center\"><img loading=\"lazy\" decoding=\"async\" class=\"aligncenter size-full wp-image-848\" src=\"https:\/\/biointerfaceresearch.com\/wp-content\/uploads\/2014\/09\/2.png\" alt=\"2\" width=\"550\" height=\"300\" srcset=\"https:\/\/biointerfaceresearch.com\/wp-content\/uploads\/2014\/09\/2.png 550w, https:\/\/biointerfaceresearch.com\/wp-content\/uploads\/2014\/09\/2-300x163.png 300w\" sizes=\"auto, (max-width: 550px) 100vw, 550px\" \/><\/p>\n<p style=\"text-align: right;\" align=\"center\"><em><strong><a  data-e-Disable-Page-Transition=\"true\" class=\"download-link\" title=\"\" href=\"https:\/\/biointerfaceresearch.com?download=886&amp;tmstv=1777663947\" rel=\"nofollow\" id=\"download-link-886\" data-redirect=\"false\" >\n\tDownload Article\t(22186 downloads\t)\n<\/a>\n<\/strong><\/em><\/p>\n<hr \/>\n<p style=\"text-align: right;\" align=\"center\">\n<p style=\"text-align: justify;\" align=\"center\">(6)\u00a0Beatriz Lanta\u00f1o, Sebasti\u00e1n Barata-Vallejo, M. Rosario Torviso, Selva M. Garc\u00eda, Aldana Tinnirello and Al Postigo:\u00a0<strong>Perfluorobutylation of benzo(hetero)arenes in aqueous media<\/strong><\/p>\n<p style=\"text-align: center;\" align=\"center\"><img loading=\"lazy\" decoding=\"async\" class=\"aligncenter size-full wp-image-851\" src=\"https:\/\/biointerfaceresearch.com\/wp-content\/uploads\/2014\/09\/Perfluorobutylation-of.png\" alt=\"Perfluorobutylation of\" width=\"550\" height=\"300\" srcset=\"https:\/\/biointerfaceresearch.com\/wp-content\/uploads\/2014\/09\/Perfluorobutylation-of.png 550w, https:\/\/biointerfaceresearch.com\/wp-content\/uploads\/2014\/09\/Perfluorobutylation-of-300x163.png 300w\" sizes=\"auto, (max-width: 550px) 100vw, 550px\" \/><\/p>\n<p style=\"text-align: right;\" align=\"center\"><em><strong><a  data-e-Disable-Page-Transition=\"true\" class=\"download-link\" title=\"\" href=\"https:\/\/biointerfaceresearch.com?download=889&amp;tmstv=1777663947\" rel=\"nofollow\" id=\"download-link-889\" data-redirect=\"false\" >\n\tDownload Article\t(20481 downloads\t)\n<\/a>\n<\/strong><\/em><\/p>\n<hr \/>\n<p style=\"text-align: right;\" align=\"center\">\n<p style=\"text-align: justify;\" align=\"center\">(7)\u00a0Al Postigo:\u00a0<strong>Photoinduced perfluorobutylation of organic substrates in aqueous media<\/strong><\/p>\n<p style=\"text-align: center;\" align=\"center\"><img loading=\"lazy\" decoding=\"async\" class=\"aligncenter size-full wp-image-852\" src=\"https:\/\/biointerfaceresearch.com\/wp-content\/uploads\/2014\/09\/Photoinduced-perfluorobutylation.png\" alt=\"Photoinduced perfluorobutylation\" width=\"550\" height=\"300\" srcset=\"https:\/\/biointerfaceresearch.com\/wp-content\/uploads\/2014\/09\/Photoinduced-perfluorobutylation.png 550w, https:\/\/biointerfaceresearch.com\/wp-content\/uploads\/2014\/09\/Photoinduced-perfluorobutylation-300x163.png 300w\" sizes=\"auto, (max-width: 550px) 100vw, 550px\" \/><\/p>\n<p style=\"text-align: right;\" align=\"center\"><em><strong><a  data-e-Disable-Page-Transition=\"true\" class=\"download-link\" title=\"\" href=\"https:\/\/biointerfaceresearch.com?download=892&amp;tmstv=1777663947\" rel=\"nofollow\" id=\"download-link-892\" data-redirect=\"false\" >\n\tDownload Article\t(21279 downloads\t)\n<\/a>\n<\/strong><\/em><\/p>\n<hr \/>\n<p style=\"text-align: right;\" align=\"center\">\n","protected":false},"excerpt":{"rendered":"<p>Biointerface Res. Appl. Chem., Volume 4, Issue 5, 2014 (October 15th,\u00a0\u00a02014) SPECIAL ISSUE Biopolymers and functional restorative materials: origins, reasons and applications Cover (1)\u00a0Victoria Tamara Perchyonok: Editorial (2)\u00a0Christian B. Fischer, Magdalena Rohrbeck, Simon Zentgraf, Stefan Wehner: \u00a0Diamond-like carbon coatings on medically relevant\u00a0polyurethane tubing with a follow-up aging study (3)\u00a0V. Tamara &hellip;<\/p>\n","protected":false},"author":1,"featured_media":0,"parent":542,"menu_order":0,"comment_status":"closed","ping_status":"closed","template":"","meta":{"footnotes":""},"class_list":["post-829","page","type-page","status-publish","hentry"],"_links":{"self":[{"href":"https:\/\/biointerfaceresearch.com\/index.php?rest_route=\/wp\/v2\/pages\/829","targetHints":{"allow":["GET"]}}],"collection":[{"href":"https:\/\/biointerfaceresearch.com\/index.php?rest_route=\/wp\/v2\/pages"}],"about":[{"href":"https:\/\/biointerfaceresearch.com\/index.php?rest_route=\/wp\/v2\/types\/page"}],"author":[{"embeddable":true,"href":"https:\/\/biointerfaceresearch.com\/index.php?rest_route=\/wp\/v2\/users\/1"}],"replies":[{"embeddable":true,"href":"https:\/\/biointerfaceresearch.com\/index.php?rest_route=%2Fwp%2Fv2%2Fcomments&post=829"}],"version-history":[{"count":0,"href":"https:\/\/biointerfaceresearch.com\/index.php?rest_route=\/wp\/v2\/pages\/829\/revisions"}],"up":[{"embeddable":true,"href":"https:\/\/biointerfaceresearch.com\/index.php?rest_route=\/wp\/v2\/pages\/542"}],"wp:attachment":[{"href":"https:\/\/biointerfaceresearch.com\/index.php?rest_route=%2Fwp%2Fv2%2Fmedia&parent=829"}],"curies":[{"name":"wp","href":"https:\/\/api.w.org\/{rel}","templated":true}]}}